{"id":2420,"date":"2021-05-06T10:09:26","date_gmt":"2021-05-06T08:09:26","guid":{"rendered":"https:\/\/higienicpants.com\/wasserdichter-milbendichter-matratzenbezug-baumwollfrottee-in-kontakt-mit-der-person-und-polyurethan-in-kontakt-mit-dem-bett-closed-europa\/"},"modified":"2024-05-15T16:54:45","modified_gmt":"2024-05-15T14:54:45","slug":"anti-milben-matratzenbezug-aus-baumwolle-und-tnt-closed-europa","status":"publish","type":"product","link":"https:\/\/higienicpants.com\/de\/anti-milben-matratzenbezug-aus-baumwolle-und-tnt-closed-europa\/","title":{"rendered":"Anti-Milben-Matratzenbezug aus Baumwolle und TNT Closed Europa"},"content":{"rendered":"<h2>So verwenden Sie den Anti-Milben-Matratzenbezug Closed Europa aus Baumwolle und Vliesstoff<\/h2>\n<p>Die Matratze wird in den Closed-Europa-Bezug gelegt, nachdem der Bezug mithilfe der praktischen Rei\u00dfverschluss\u00f6ffnung entfernt wurde.<\/p>\n<p>Legen Sie den Anti-Milben-Matratzenbezug Closed Europa aus Baumwolle und Vliesstoff auf den Lattenrost und legen Sie die Matratze in die Unterseite. Schlie\u00dfen Sie den Deckel mit dem entsprechenden Scharnier.<\/p>\n<p>Der Deckel ist per Rei\u00dfverschluss komplett abnehmbar, so dass h\u00e4ufiges Waschen nur auf den Deckel beschr\u00e4nkt werden kann. In Notf\u00e4llen (verschmutzter, nasser oder besch\u00e4digter Deckel) oder w\u00e4hrend der Waschintervalle kann die Verf\u00fcgbarkeit eines Ersatzdeckels hilfreich sein.<\/p>\n","protected":false},"excerpt":{"rendered":"<p>Der Anti-Milben-Matratzenbezug Closed Europa aus Baumwolle und Vliesstoff umh\u00fcllt die Matratze von allen Seiten vollst\u00e4ndig, um sie rundum zu sch\u00fctzen und die Bildung von Milben zu verhindern.<\/p>\n<p>Hergestellt aus einem Bi-Laminat-Bezug aus weichem Baumwollschwamm (Teil, der mit der Person in Ber\u00fchrung kommt) und Polyurethan, wodurch es auch wasserfest gegen\u00fcber Fl\u00fcssigkeiten ist. garantiert einen vollst\u00e4ndigen Schutz des Bettes: Es erf\u00fcllt n\u00e4mlich eine Anti-Milben-Funktion, hemmt die Ausbreitung von Mikroorganismen und hilft, Allergien vorzubeugen.<\/p>\n<p>Die Matratze passt problemlos in den Bezug. Der Deckel mit Rei\u00dfverschluss l\u00e4sst sich zum Waschen leicht abnehmen.<br \/>\nDie untere Auskleidung, in der sich die Matratze befindet, besteht aus atmungsaktivem Polypropylen (TNT).<\/p>\n<p>Erh\u00e4ltlich in 4 Gr\u00f6\u00dfen:<\/p>\n<ol>\n<li>Einzeln 200 \u2013 90 + 20 cm<\/li>\n<li>Doppelzimmer 200 \u2013 175 + 20 cm<\/li>\n<li>Anderthalb Quadrate 200 \u2013 125 + 20 cm<\/li>\n<li>Wiege 120 \u2013 65 + 15 cm<\/li>\n<\/ol>\n","protected":false},"featured_media":2125,"comment_status":"open","ping_status":"closed","template":"","meta":[],"product_brand":[],"product_cat":[239],"product_tag":[240],"class_list":{"0":"post-2420","1":"product","2":"type-product","3":"status-publish","4":"has-post-thumbnail","6":"product_cat-milbensicher","7":"product_tag-salvaletto-de","9":"first","10":"instock","11":"taxable","12":"shipping-taxable","13":"purchasable","14":"product-type-variable","15":"has-default-attributes"},"_links":{"self":[{"href":"https:\/\/higienicpants.com\/de\/wp-json\/wp\/v2\/product\/2420","targetHints":{"allow":["GET"]}}],"collection":[{"href":"https:\/\/higienicpants.com\/de\/wp-json\/wp\/v2\/product"}],"about":[{"href":"https:\/\/higienicpants.com\/de\/wp-json\/wp\/v2\/types\/product"}],"replies":[{"embeddable":true,"href":"https:\/\/higienicpants.com\/de\/wp-json\/wp\/v2\/comments?post=2420"}],"wp:featuredmedia":[{"embeddable":true,"href":"https:\/\/higienicpants.com\/de\/wp-json\/wp\/v2\/media\/2125"}],"wp:attachment":[{"href":"https:\/\/higienicpants.com\/de\/wp-json\/wp\/v2\/media?parent=2420"}],"wp:term":[{"taxonomy":"product_brand","embeddable":true,"href":"https:\/\/higienicpants.com\/de\/wp-json\/wp\/v2\/product_brand?post=2420"},{"taxonomy":"product_cat","embeddable":true,"href":"https:\/\/higienicpants.com\/de\/wp-json\/wp\/v2\/product_cat?post=2420"},{"taxonomy":"product_tag","embeddable":true,"href":"https:\/\/higienicpants.com\/de\/wp-json\/wp\/v2\/product_tag?post=2420"}],"curies":[{"name":"wp","href":"https:\/\/api.w.org\/{rel}","templated":true}]}}