{"id":2430,"date":"2023-03-27T16:56:30","date_gmt":"2023-03-27T14:56:30","guid":{"rendered":"https:\/\/higienicpants.com\/anti-dekubitus-fersenpolster-aus-silikonisierter-hohlfaser\/"},"modified":"2024-05-15T16:27:01","modified_gmt":"2024-05-15T14:27:01","slug":"anti-dekubitus-fersen-und-ellenbogenpolster-aus-silikonisierter-hohlfaser","status":"publish","type":"product","link":"https:\/\/higienicpants.com\/de\/anti-dekubitus-fersen-und-ellenbogenpolster-aus-silikonisierter-hohlfaser\/","title":{"rendered":"Anti-Dekubitus-Fersen- und Ellenbogenpolster aus silikonisierter Hohlfaser"},"content":{"rendered":"<h2>Eigenschaften des Anti-Dekubitus-Ellenbogen-Fersenpolsters aus silikonisierter Hohlfaser<\/h2>\n<p>Die silikonisierte Hohlfaser zeichnet sich durch eine hohe Elastizit\u00e4t aus, d. h. die F\u00e4higkeit, auch nach starker Beanspruchung oder Druck wieder in ihre urspr\u00fcngliche Form zur\u00fcckzukehren und so ihre Elastizit\u00e4t \u00fcber die Zeit beizubehalten.<\/p>\n<p>Die silikonisierte Hohlfaser isoliert durch ihre hohe W\u00e4rmeisolationskraft vor Hitze und K\u00e4lte. Es ist atmungsaktiv und erm\u00f6glicht eine korrekte Gewichtsverteilung, wodurch Venenverschl\u00fcsse vermieden werden, die die Hauptursache f\u00fcr die Entstehung von Dekubitus sind.<\/p>\n","protected":false},"excerpt":{"rendered":"<p>Das Anti-Dekubitus-Ellenbogen-Fersenpolster hat die Aufgabe, Druckspitzen abzubauen, Scher- und Reibungskr\u00e4fte zu reduzieren und die Luftzirkulation zu f\u00f6rdern.<\/p>\n<p>Um das Anti-Dekubitus-Fersenpolster f\u00fcr den Ellenbogen richtig zu verwenden, ist es notwendig, die Ferse oder den Ellenbogen innerhalb des Ellenbogen-Fersenpolsters zu platzieren und den Riemen zu schlie\u00dfen, indem man ihn am Klettband befestigt.<\/p>\n<p>Es handelt sich um ein Medizinprodukt der Klasse I<\/p>\n","protected":false},"featured_media":2267,"comment_status":"open","ping_status":"closed","template":"","meta":[],"product_brand":[],"product_cat":[210],"product_tag":[247,229,231,230],"class_list":{"0":"post-2430","1":"product","2":"type-product","3":"status-publish","4":"has-post-thumbnail","6":"product_cat-hygiene-und-schutz","7":"product_tag-anti-dekubitus-produkte","8":"product_tag-behinderte","9":"product_tag-kinder","10":"product_tag-senioren","12":"first","13":"instock","14":"taxable","15":"shipping-taxable","16":"purchasable","17":"product-type-simple"},"_links":{"self":[{"href":"https:\/\/higienicpants.com\/de\/wp-json\/wp\/v2\/product\/2430","targetHints":{"allow":["GET"]}}],"collection":[{"href":"https:\/\/higienicpants.com\/de\/wp-json\/wp\/v2\/product"}],"about":[{"href":"https:\/\/higienicpants.com\/de\/wp-json\/wp\/v2\/types\/product"}],"replies":[{"embeddable":true,"href":"https:\/\/higienicpants.com\/de\/wp-json\/wp\/v2\/comments?post=2430"}],"wp:featuredmedia":[{"embeddable":true,"href":"https:\/\/higienicpants.com\/de\/wp-json\/wp\/v2\/media\/2267"}],"wp:attachment":[{"href":"https:\/\/higienicpants.com\/de\/wp-json\/wp\/v2\/media?parent=2430"}],"wp:term":[{"taxonomy":"product_brand","embeddable":true,"href":"https:\/\/higienicpants.com\/de\/wp-json\/wp\/v2\/product_brand?post=2430"},{"taxonomy":"product_cat","embeddable":true,"href":"https:\/\/higienicpants.com\/de\/wp-json\/wp\/v2\/product_cat?post=2430"},{"taxonomy":"product_tag","embeddable":true,"href":"https:\/\/higienicpants.com\/de\/wp-json\/wp\/v2\/product_tag?post=2430"}],"curies":[{"name":"wp","href":"https:\/\/api.w.org\/{rel}","templated":true}]}}