{"id":2432,"date":"2023-03-27T15:11:11","date_gmt":"2023-03-27T13:11:11","guid":{"rendered":"https:\/\/higienicpants.com\/alopezie-chemotherapie-turban-kopfbedeckung-aus-natuerlicher-baumwolle\/"},"modified":"2024-05-15T17:27:12","modified_gmt":"2024-05-15T15:27:12","slug":"alopezie-chemotherapie-turban-kopfschmuck-aus-natuerlicher-baumwolle","status":"publish","type":"product","link":"https:\/\/higienicpants.com\/de\/alopezie-chemotherapie-turban-kopfschmuck-aus-natuerlicher-baumwolle\/","title":{"rendered":"Alopezie Chemotherapie Turban, Kopfbedeckung aus nat\u00fcrlicher Baumwolle"},"content":{"rendered":"<h2>Merkmale des Chemotherapie-Kopfschmucks aus nat\u00fcrlicher Baumwolle<\/h2>\n<p>Der Kopfschmuck aus nat\u00fcrlicher Baumwolle ist in zwei Varianten erh\u00e4ltlich<\/p>\n<ul>\n<li>Tulpenmodell: Hergestellt aus einer einzigen Lage glatter Baumwolle <\/li>\n<li> Pfingstrosen-Modell: mit zus\u00e4tzlichem Stoff gefertigt, um optisch mehr Volumen zu schaffen. <\/li>\n<\/ul>\n<p>Die Kopfbedeckung aus nat\u00fcrlicher Baumwolle (Chemotherapie- und Alopezie-Turban) ist in 5 verschiedenen Farben erh\u00e4ltlich. Einheitsgr\u00f6\u00dfe.<\/p>\n<h2>Verf\u00fcgbare Farben f\u00fcr den Chemotherapie-Turban auch ideal bei Alopezie<\/h2>\n<p><img loading=\"lazy\" decoding=\"async\" class=\"alignleft wp-image-1607\" src=\"https:\/\/higienicpants.com\/wp-content\/uploads\/2024\/05\/Turbante-chemioterapia-alopecia-Tedesco-colori.png\" alt=\"Verf\u00fcgbare Farben f\u00fcr den Chemotherapie- und Alopezie-Turban, Kopfbedeckung aus nat\u00fcrlicher Baumwolle\" width=\"500\" height=\"63\"><\/p>\n<p>&nbsp;<\/p>\n<p>&nbsp;<\/p>\n<p>&nbsp;<\/p>\n","protected":false},"excerpt":{"rendered":"<p>Erh\u00e4ltlich in 2 Modellen, <strong>Pfingstrose und Tulpe<\/strong>, ist es ein Kopfschmuck, der als Turban nach einer Chemotherapie und bei allen F\u00e4llen von Alopezie und Haarausfall verwendet werden kann. Durch Haarausfall wird die Kopfhaut empfindlicher und der Hut aus nat\u00fcrlicher Baumwolle sch\u00fctzt den Kopf vor K\u00e4lte und Sonne und ist zudem \u00e4sthetisch sch\u00f6n.<br \/>\nEs ist bequem, weich und hat eine perfekte Passform, hergestellt aus nat\u00fcrlichen, atmungsaktiven und zertifizierten Stoffen (Standard 100 \u00d6ko-Tex-Zertifizierung).<br \/>\nEs handelt sich um ein vollst\u00e4ndig in Italien hergestelltes Produkt aus italienischer Baumwolle.<\/p>\n<p><img loading=\"lazy\" decoding=\"async\" class=\"alignleft wp-image-1607\" src=\"https:\/\/higienicpants.com\/wp-content\/uploads\/2024\/05\/Turbante-chemioterapia-alopecia-Tedesco-colori.png\" alt=\"Verf\u00fcgbare Farben f\u00fcr den Chemotherapie- und Alopezie-Turban, Kopfbedeckung aus nat\u00fcrlicher Baumwolle\" width=\"400\" height=\"51\"><\/p>\n<p>&nbsp;<\/p>\n<p>&nbsp;<\/p>\n","protected":false},"featured_media":2255,"comment_status":"open","ping_status":"closed","template":"","meta":[],"product_brand":[],"product_cat":[210],"product_tag":[229,231,230],"class_list":{"0":"post-2432","1":"product","2":"type-product","3":"status-publish","4":"has-post-thumbnail","6":"product_cat-hygiene-und-schutz","7":"product_tag-behinderte","8":"product_tag-kinder","9":"product_tag-senioren","11":"first","12":"instock","13":"taxable","14":"shipping-taxable","15":"purchasable","16":"product-type-variable"},"_links":{"self":[{"href":"https:\/\/higienicpants.com\/de\/wp-json\/wp\/v2\/product\/2432","targetHints":{"allow":["GET"]}}],"collection":[{"href":"https:\/\/higienicpants.com\/de\/wp-json\/wp\/v2\/product"}],"about":[{"href":"https:\/\/higienicpants.com\/de\/wp-json\/wp\/v2\/types\/product"}],"replies":[{"embeddable":true,"href":"https:\/\/higienicpants.com\/de\/wp-json\/wp\/v2\/comments?post=2432"}],"wp:featuredmedia":[{"embeddable":true,"href":"https:\/\/higienicpants.com\/de\/wp-json\/wp\/v2\/media\/2255"}],"wp:attachment":[{"href":"https:\/\/higienicpants.com\/de\/wp-json\/wp\/v2\/media?parent=2432"}],"wp:term":[{"taxonomy":"product_brand","embeddable":true,"href":"https:\/\/higienicpants.com\/de\/wp-json\/wp\/v2\/product_brand?post=2432"},{"taxonomy":"product_cat","embeddable":true,"href":"https:\/\/higienicpants.com\/de\/wp-json\/wp\/v2\/product_cat?post=2432"},{"taxonomy":"product_tag","embeddable":true,"href":"https:\/\/higienicpants.com\/de\/wp-json\/wp\/v2\/product_tag?post=2432"}],"curies":[{"name":"wp","href":"https:\/\/api.w.org\/{rel}","templated":true}]}}