{"id":2434,"date":"2023-03-27T23:41:26","date_gmt":"2023-03-27T21:41:26","guid":{"rendered":"https:\/\/higienicpants.com\/anti-dekubitus-kissen-aus-silikonisierter-hohlfaser\/"},"modified":"2024-05-15T16:24:06","modified_gmt":"2024-05-15T14:24:06","slug":"anti-dekubitus-kissen-aus-silikonisierter-hohlfaser","status":"publish","type":"product","link":"https:\/\/higienicpants.com\/de\/anti-dekubitus-kissen-aus-silikonisierter-hohlfaser\/","title":{"rendered":"Anti-Dekubitus-Kissen aus silikonisierter Hohlfaser"},"content":{"rendered":"<h2>Eigenschaften des Silikon-Hohlfaser-Anti-Dekubitus-Kissens<\/h2>\n<p>Die silikonisierte Hohlfaser zeichnet sich durch eine hohe Elastizit\u00e4t aus, d. h. die F\u00e4higkeit, auch nach starker Beanspruchung oder Druck wieder in ihre urspr\u00fcngliche Form zur\u00fcckzukehren und so ihre Elastizit\u00e4t \u00fcber die Zeit beizubehalten.<\/p>\n<p>Die silikonisierte Hohlfaser isoliert durch ihre hohe W\u00e4rmeisolationskraft vor Hitze und K\u00e4lte. Es ist atmungsaktiv und erm\u00f6glicht eine korrekte Gewichtsverteilung, wodurch Venenverschl\u00fcsse vermieden werden, die die Hauptursache f\u00fcr die Entstehung von Dekubitus sind.<\/p>\n<h3>Waschanleitung<\/h3>\n<p>Siehe \u00e4u\u00dferes Etikett; empfohlene Temperatur 30\u00b0; Verwenden Sie nicht aggressive Reinigungsmittel.<\/p>\n","protected":false},"excerpt":{"rendered":"<p>Das Anti-Dekubitus-Kissen aus Silikon-Hohlfasern ist ein innovatives Komfortzubeh\u00f6r, das dank seiner besonderen Struktur den Druck auf den K\u00f6rper beim Sitzen verringert. Dieses Kissen lindert effektiv Reibung und Druck und verringert dank seiner weichen und luxuri\u00f6sen Polsterung das Risiko von Schnitten oder Wunden.<\/p>\n<p>Dar\u00fcber hinaus ist es so konzipiert, dass es die richtige Luftzirkulation f\u00f6rdert und ein angenehmes Frischegef\u00fchl w\u00e4hrend der Anwendung vermittelt. Diese Kombination aus Komfort und Unterst\u00fctzung macht ihn \u00e4u\u00dferst vielseitig und f\u00fcr verschiedene Situationen geeignet: Er kann sowohl im Rollstuhl, im B\u00fcro als auch auf langen Autofahrten hervorragend eingesetzt werden.<\/p>\n<p>Jedes Kissen ist ein Beispiel handwerklicher Exzellenz, komplett in Italien hergestellt, also MADE IN ITALY. Wir verwenden nur die besten Stoffe aus der traditionellen italienischen Textilindustrie und garantieren so ein hochwertiges, langlebiges und sicheres Produkt.<\/p>\n<p>Das Anti-Dekubitus-Hohlfaserkissen aus Silikon wird in drei verschiedenen Ausf\u00fchrungen angeboten, die jeweils auf die individuellen Bed\u00fcrfnisse zugeschnitten sind:<br \/>\n\u2022 Sitzkissen aus silikonisierter Hohlfaser mit zentralem Loch, auch Anti-Dekubitus-Donut genannt: Diese Version mit den Ma\u00dfen 44&#215;44 cm und einem Gewicht von 896 Gramm ist ideal f\u00fcr alle, die eine gezielte Unterst\u00fctzung suchen. Das zentrale Loch reduziert den Druck an bestimmten Stellen und sorgt so f\u00fcr sofortige Linderung.<br \/>\n\u2022 Sitzkissen aus silikonisierter Hohlfaser mit zentraler Vertiefung: Diese Version mit den Ma\u00dfen 44 x 44 cm und einem Gewicht von 875 Gramm zeichnet sich durch eine leichte Vertiefung in der Mitte aus, die eine gleichm\u00e4\u00dfige Gewichtsverteilung beg\u00fcnstigt und eine bequeme und ausgewogene Unterst\u00fctzung bietet.<br \/>\n\u2022 Dreiteiliges Silikon-Hohlfaser-Sitzkissen: Mit einem Gewicht von nur 620 Gramm und den gleichen Abmessungen von 44 x 44 cm ist diese Version in drei Abschnitte unterteilt, um eine individuelle Unterst\u00fctzung zu bieten, sodass der Benutzer den Druck an seine Bed\u00fcrfnisse anpassen kann.<\/p>\n<p>Jedes Kissen ist atmungsaktiv und passt sich perfekt dem K\u00f6rper des Benutzers an.<\/p>\n<p>Dar\u00fcber hinaus ist es als Medizinprodukt der Klasse I eingestuft, was seine Wirksamkeit und Sicherheit bei der F\u00f6rderung eines optimalen Komforts bei der Anwendung garantiert.<\/p>\n","protected":false},"featured_media":2265,"comment_status":"open","ping_status":"closed","template":"","meta":[],"product_brand":[],"product_cat":[210],"product_tag":[247,229,231,230],"class_list":{"0":"post-2434","1":"product","2":"type-product","3":"status-publish","4":"has-post-thumbnail","6":"product_cat-hygiene-und-schutz","7":"product_tag-anti-dekubitus-produkte","8":"product_tag-behinderte","9":"product_tag-kinder","10":"product_tag-senioren","12":"first","13":"instock","14":"taxable","15":"shipping-taxable","16":"purchasable","17":"product-type-variable"},"_links":{"self":[{"href":"https:\/\/higienicpants.com\/de\/wp-json\/wp\/v2\/product\/2434","targetHints":{"allow":["GET"]}}],"collection":[{"href":"https:\/\/higienicpants.com\/de\/wp-json\/wp\/v2\/product"}],"about":[{"href":"https:\/\/higienicpants.com\/de\/wp-json\/wp\/v2\/types\/product"}],"replies":[{"embeddable":true,"href":"https:\/\/higienicpants.com\/de\/wp-json\/wp\/v2\/comments?post=2434"}],"wp:featuredmedia":[{"embeddable":true,"href":"https:\/\/higienicpants.com\/de\/wp-json\/wp\/v2\/media\/2265"}],"wp:attachment":[{"href":"https:\/\/higienicpants.com\/de\/wp-json\/wp\/v2\/media?parent=2434"}],"wp:term":[{"taxonomy":"product_brand","embeddable":true,"href":"https:\/\/higienicpants.com\/de\/wp-json\/wp\/v2\/product_brand?post=2434"},{"taxonomy":"product_cat","embeddable":true,"href":"https:\/\/higienicpants.com\/de\/wp-json\/wp\/v2\/product_cat?post=2434"},{"taxonomy":"product_tag","embeddable":true,"href":"https:\/\/higienicpants.com\/de\/wp-json\/wp\/v2\/product_tag?post=2434"}],"curies":[{"name":"wp","href":"https:\/\/api.w.org\/{rel}","templated":true}]}}