{"id":2479,"date":"2021-06-03T12:46:35","date_gmt":"2021-06-03T10:46:35","guid":{"rendered":"https:\/\/higienicpants.com\/sicla-strong-inkontinenzslips-aus-baumwolle-mit-saugfaehiger-tasche\/"},"modified":"2024-05-15T17:09:43","modified_gmt":"2024-05-15T15:09:43","slug":"sicla-strong-baumwollhose-fuer-inkontinente-mit-einer-tasche-fuer-die-damenbinde","status":"publish","type":"product","link":"https:\/\/higienicpants.com\/de\/sicla-strong-baumwollhose-fuer-inkontinente-mit-einer-tasche-fuer-die-damenbinde\/","title":{"rendered":"SICLA STRONG Baumwollhose f\u00fcr Inkontinente mit einer Tasche f\u00fcr die Damenbinde"},"content":{"rendered":"\t<section class=\"section\" id=\"section_870188805\">\n\t\t<div class=\"bg section-bg fill bg-fill bg-loaded bg-loaded\" >\n\n\t\t\t\n\t\t\t<div class=\"section-bg-overlay absolute fill\"><\/div>\n\t\t\t\n\n\t\t<\/div>\n\n\t\t\n\n\t\t<div class=\"section-content relative\">\n\t\t\t\n<div class=\"row row-collapse row-full-width align-middle\"  id=\"row-1757233266\">\n\n\t<div id=\"col-758027411\" class=\"col medium-6 small-12 large-6\"  >\n\t\t\t\t<div class=\"col-inner\"  >\n\t\t\t\n\t\t\t\n<div class=\"video video-fit mb\" style=\"padding-top:56.25%;\"><p><iframe loading=\"lazy\" title=\"SICLA STRONG - Slip assorbente in cotone per incontinenti  con tasca porta assorbente\" width=\"1020\" height=\"574\" src=\"https:\/\/www.youtube.com\/embed\/b17oB1V1OEY?feature=oembed\" frameborder=\"0\" allow=\"accelerometer; autoplay; clipboard-write; encrypted-media; gyroscope; picture-in-picture; web-share\" referrerpolicy=\"strict-origin-when-cross-origin\" allowfullscreen><\/iframe><\/p>\n<\/div>\n\t\t<\/div>\n\t\t\t\t\t<\/div>\n\n\t\n\n\t<div id=\"col-998585490\" class=\"col medium-6 small-12 large-6\"  >\n\t\t\t\t<div class=\"col-inner text-center\"  >\n\t\t\t\n\t\t\t\n<h2>SICLA Starke Schrifts\u00e4tze<\/h2>\n<p>Entdecken Sie SICLA starke Inkontinenzslips.<\/p>\n<p>Sehen Sie sich das Video an<\/p>\n\t\t<\/div>\n\t\t\t\t\n<style>\n#col-998585490 > .col-inner {\n  padding: 10% 10% 10% 10%;\n  max-width: 520px;\n}\n<\/style>\n\t<\/div>\n\n\t\n<\/div>\n\t<div id=\"gap-1081692487\" class=\"gap-element clearfix\" style=\"display:block; height:auto;\">\n\t\t\n<style>\n#gap-1081692487 {\n  padding-top: 50px;\n}\n<\/style>\n\t<\/div>\n\t\n\t\t<\/div>\n\n\t\t\n<style>\n#section_870188805 {\n  padding-top: 0px;\n  padding-bottom: 0px;\n  background-color: rgb(247, 247, 247);\n}\n#section_870188805 .section-bg-overlay {\n  background-color: rgba(255, 255, 255, 0.85);\n}\n<\/style>\n\t<\/section>\n\t\n<h2>Eigenschaften der saugf\u00e4higen Unterhose SICLA STRONG f\u00fcr Inkontinente<\/h2>\n<p>SICLA STRONG ist eine Baumwollhose f\u00fcr leichte und mittlere Inkontinenz. Sie l\u00e4sst sich wie eine normale Hose tragen, schmiegt sich am K\u00f6rper an, ohne unerw\u00fcnschte und peinliche W\u00f6lbungen zu zeigen, erm\u00f6glicht maximale Bewegungsfreiheit und ist daher f\u00fcr ein aktives Leben geeignet:<\/p>\n<ul>\n<li>auf Arbeit<\/li>\n<li>beim Sport<\/li>\n<li>Reisen<\/li>\n<\/ul>\n<p>Zur besseren Konservierung wird Schonwaschgang empfohlen (max. 40\u00b0C)<\/p>\n\t<div id=\"gap-800209986\" class=\"gap-element clearfix\" style=\"display:block; height:auto;\">\n\t\t\n<style>\n#gap-800209986 {\n  padding-top: 40px;\n}\n<\/style>\n\t<\/div>\n\t\n\t<section class=\"section\" id=\"section_21795016\">\n\t\t<div class=\"bg section-bg fill bg-fill bg-loaded bg-loaded\" >\n\n\t\t\t\n\t\t\t<div class=\"section-bg-overlay absolute fill\"><\/div>\n\t\t\t\n\n\t\t<\/div>\n\n\t\t\n\n\t\t<div class=\"section-content relative\">\n\t\t\t\n<div class=\"row row-collapse align-center\"  id=\"row-490016031\">\n\n\t<div id=\"col-39587437\" class=\"col medium-6 small-12 large-6\"  >\n\t\t\t\t<div class=\"col-inner text-center\"  >\n\t\t\t\n\t\t\t\n<h2>Leitfaden zur Auswahl von Schrifts\u00e4tzen<\/h2>\n<p>Entdecken Sie den passenden Slip f\u00fcr Ihre Inkontinenzart<\/p>\n\t\t<\/div>\n\t\t\t\t\n<style>\n#col-39587437 > .col-inner {\n  padding: 50px 0px 50px 0px;\n}\n<\/style>\n\t<\/div>\n\n\t\n\n\t<div id=\"col-1623345873\" class=\"col large-12\"  >\n\t\t\t\t<div class=\"col-inner\"  >\n\t\t\t\n\t\t\t\n\t<div class=\"img has-hover x md-x lg-x y md-y lg-y\" id=\"image_389379736\">\n\t\t\t\t\t\t\t\t<div class=\"img-inner dark\" >\n\t\t\t<img loading=\"lazy\" decoding=\"async\" width=\"1020\" height=\"264\" src=\"https:\/\/higienicpants.com\/wp-content\/uploads\/2024\/05\/slip-Tedesco-1400x363.png\" class=\"attachment-large size-large\" alt=\"\" srcset=\"https:\/\/higienicpants.com\/wp-content\/uploads\/2024\/05\/slip-Tedesco-1400x363.png 1400w, https:\/\/higienicpants.com\/wp-content\/uploads\/2024\/05\/slip-Tedesco-800x207.png 800w, https:\/\/higienicpants.com\/wp-content\/uploads\/2024\/05\/slip-Tedesco-768x199.png 768w, https:\/\/higienicpants.com\/wp-content\/uploads\/2024\/05\/slip-Tedesco-1536x398.png 1536w, https:\/\/higienicpants.com\/wp-content\/uploads\/2024\/05\/slip-Tedesco-510x132.png 510w, https:\/\/higienicpants.com\/wp-content\/uploads\/2024\/05\/slip-Tedesco.png 2008w\" sizes=\"auto, (max-width: 1020px) 100vw, 1020px\" \/>\t\t\t\t\t\t\n\t\t\t\t\t<\/div>\n\t\t\t\t\t\t\t\t\n<style>\n#image_389379736 {\n  width: 100%;\n}\n<\/style>\n\t<\/div>\n\t\n\t\t<\/div>\n\t\t\t\t\t<\/div>\n\n\t\n<\/div>\n\t\t<\/div>\n\n\t\t\n<style>\n#section_21795016 {\n  padding-top: 0px;\n  padding-bottom: 0px;\n  background-color: rgb(208, 208, 208);\n}\n#section_21795016 .section-bg-overlay {\n  background-color: rgba(255, 255, 255, 0.85);\n}\n<\/style>\n\t<\/section>\n\t\n\t<div id=\"gap-1512864185\" class=\"gap-element clearfix\" style=\"display:block; height:auto;\">\n\t\t\n<style>\n#gap-1512864185 {\n  padding-top: 40px;\n}\n<\/style>\n\t<\/div>\n\t\n","protected":false},"excerpt":{"rendered":"<p>Die Inkontinenzhose SICLA STRONG ist bei mittlerer Inkontinenz (entspricht einer Tasse Kaffee am Tag) geeignet.<\/p>\n<p>Es verf\u00fcgt \u00fcber einen weichen und atmungsaktiven wasserdichten Einsatz. Die beiden Innenfl\u00fcgel erm\u00f6glichen ein einfaches Einf\u00fchren der Windel und helfen, sie in der richtigen Position zu halten; Die wasserdichte Barriere garantiert zus\u00e4tzlichen Schutz vor versch\u00fctteten Fl\u00fcssigkeiten. Medizinischer Einwegartikel KLASSE 1.<\/p>\n","protected":false},"featured_media":2137,"comment_status":"open","ping_status":"closed","template":"","meta":[],"product_brand":[],"product_cat":[286,285],"product_tag":[287],"class_list":{"0":"post-2479","1":"product","2":"type-product","3":"status-publish","4":"has-post-thumbnail","6":"product_cat-hosen-fuer-inkontinente","7":"product_cat-produkte-fuer-inkontinenz","8":"product_tag-unisex-de","10":"first","11":"instock","12":"taxable","13":"shipping-taxable","14":"purchasable","15":"product-type-variable","16":"has-default-attributes"},"_links":{"self":[{"href":"https:\/\/higienicpants.com\/de\/wp-json\/wp\/v2\/product\/2479","targetHints":{"allow":["GET"]}}],"collection":[{"href":"https:\/\/higienicpants.com\/de\/wp-json\/wp\/v2\/product"}],"about":[{"href":"https:\/\/higienicpants.com\/de\/wp-json\/wp\/v2\/types\/product"}],"replies":[{"embeddable":true,"href":"https:\/\/higienicpants.com\/de\/wp-json\/wp\/v2\/comments?post=2479"}],"wp:featuredmedia":[{"embeddable":true,"href":"https:\/\/higienicpants.com\/de\/wp-json\/wp\/v2\/media\/2137"}],"wp:attachment":[{"href":"https:\/\/higienicpants.com\/de\/wp-json\/wp\/v2\/media?parent=2479"}],"wp:term":[{"taxonomy":"product_brand","embeddable":true,"href":"https:\/\/higienicpants.com\/de\/wp-json\/wp\/v2\/product_brand?post=2479"},{"taxonomy":"product_cat","embeddable":true,"href":"https:\/\/higienicpants.com\/de\/wp-json\/wp\/v2\/product_cat?post=2479"},{"taxonomy":"product_tag","embeddable":true,"href":"https:\/\/higienicpants.com\/de\/wp-json\/wp\/v2\/product_tag?post=2479"}],"curies":[{"name":"wp","href":"https:\/\/api.w.org\/{rel}","templated":true}]}}