{"id":2515,"date":"2021-06-03T13:54:45","date_gmt":"2021-06-03T11:54:45","guid":{"rendered":"https:\/\/higienicpants.com\/salvaben-hygienischer-matratzenschoner\/"},"modified":"2024-05-15T16:04:06","modified_gmt":"2024-05-15T14:04:06","slug":"salvaben-hygienisches-matratzenschonlaken","status":"publish","type":"product","link":"https:\/\/higienicpants.com\/de\/salvaben-hygienisches-matratzenschonlaken\/","title":{"rendered":"SALVABEN hygienisches Matratzenschonlaken"},"content":{"rendered":"\t<section class=\"section\" id=\"section_1590456316\">\n\t\t<div class=\"bg section-bg fill bg-fill bg-loaded bg-loaded\" >\n\n\t\t\t\n\t\t\t<div class=\"section-bg-overlay absolute fill\"><\/div>\n\t\t\t\n\n\t\t<\/div>\n\n\t\t\n\n\t\t<div class=\"section-content relative\">\n\t\t\t\n<div class=\"row row-collapse row-full-width align-middle\"  id=\"row-1158179323\">\n\n\t<div id=\"col-1883849122\" class=\"col medium-6 small-12 large-6\"  >\n\t\t\t\t<div class=\"col-inner\"  >\n\t\t\t\n\t\t\t\n<div class=\"video video-fit mb\" style=\"padding-top:56.25%;\"><p><iframe loading=\"lazy\" title=\"SALVABEN - Lenzuolo igienico salvamaterasso\" width=\"1020\" height=\"574\" src=\"https:\/\/www.youtube.com\/embed\/prehQUk4qAw?feature=oembed\" frameborder=\"0\" allow=\"accelerometer; autoplay; clipboard-write; encrypted-media; gyroscope; picture-in-picture; web-share\" referrerpolicy=\"strict-origin-when-cross-origin\" allowfullscreen><\/iframe><\/p>\n<\/div>\n\t\t<\/div>\n\t\t\t\t\t<\/div>\n\n\t\n\n\t<div id=\"col-412777804\" class=\"col medium-6 small-12 large-6\"  >\n\t\t\t\t<div class=\"col-inner text-center\"  >\n\t\t\t\n\t\t\t\n<h2>Salvaben<\/h2>\n<p>Entdecken Sie das Salvaben Inkontinenz-Tuch.<\/p>\n<p>Sehen Sie sich das Video an<\/p>\n\t\t<\/div>\n\t\t\t\t\n<style>\n#col-412777804 > .col-inner {\n  padding: 10% 10% 10% 10%;\n  max-width: 520px;\n}\n<\/style>\n\t<\/div>\n\n\t\n<\/div>\n\t<div id=\"gap-663558510\" class=\"gap-element clearfix\" style=\"display:block; height:auto;\">\n\t\t\n<style>\n#gap-663558510 {\n  padding-top: 50px;\n}\n<\/style>\n\t<\/div>\n\t\n\t\t<\/div>\n\n\t\t\n<style>\n#section_1590456316 {\n  padding-top: 0px;\n  padding-bottom: 0px;\n  background-color: rgb(247, 247, 247);\n}\n#section_1590456316 .section-bg-overlay {\n  background-color: rgba(255, 255, 255, 0.85);\n}\n<\/style>\n\t<\/section>\n\t\n<h2>Merkmale des hygienischen Matratzenschonlakens von Salvaben<\/h2>\n<div title=\"Seite 15\">\n<div>\n<div>\n<div>Wasserdichter Matratzenbezug mit elastischen Ecken, um eine stabile Positionierung auf dem Bett zu gew\u00e4hrleisten und Falten unter dem K\u00f6rper zu vermeiden. Bestehend aus einem Teil aus Baumwollschwamm und einem fl\u00fcssigkeitsundurchl\u00e4ssigen Schutzteil aus atmungsaktivem Polyurethan, der in Kontakt mit der Matratze positioniert werden muss. Der wasserdichte Teil, der auch eine Anti-Feuchtigkeits- und Anti-Schimmel-Funktion hat, bedeckt die gesamte Oberfl\u00e4che des Bettes. Hand- oder maschinenwaschbar bei 60 \u00b0C.<\/div>\n<\/div>\n<\/div>\n<\/div>\n<h2>Hygienisches Matratzenschonlaken von Salvaben: wie und wann zu verwenden<\/h2>\n<p>Das wasserdichte, matratzenschonende Hygienelaken f\u00fcr Inkontinenz von SALVABEN wird zum Schutz der Matratze bei Inkontinenz, Enuresis oder anderen \u00e4hnlichen Bed\u00fcrfnissen empfohlen (bei Inkontinenz oder \u00e4hnlichem kann der Schaden an der Matratze irreparabel sein und ihre Hygiene beeintr\u00e4chtigen). Dauer). Das Matratzenschonerlaken stellt auch eine hygienische Sicherheitsbarriere f\u00fcr den Gast oder Benutzer dar.<\/p>\n","protected":false},"excerpt":{"rendered":"<p>SALVABEN ist das hygienische, wasserdichte Matratzenschonlaken mit elastischen Ecken, ideal f\u00fcr Inkontinenz: Es besteht aus einem Baumwollschwammteil und einem fl\u00fcssigkeitsundurchl\u00e4ssigen Schutzteil aus atmungsaktivem Polyurethan, der in Kontakt mit der Matratze positioniert werden muss.<\/p>\n<p>Der wasserdichte Teil, der auch eine Anti-Feuchtigkeits- und Anti-Schimmel-Funktion hat, bedeckt die gesamte Oberfl\u00e4che des Bettes.<\/p>\n","protected":false},"featured_media":2091,"comment_status":"closed","ping_status":"closed","template":"","meta":[],"product_brand":[],"product_cat":[313,285],"product_tag":[240],"class_list":{"0":"post-2515","1":"product","2":"type-product","3":"status-publish","4":"has-post-thumbnail","6":"product_cat-inkontinenz-bettschoner","7":"product_cat-produkte-fuer-inkontinenz","8":"product_tag-salvaletto-de","10":"first","11":"instock","12":"taxable","13":"shipping-taxable","14":"purchasable","15":"product-type-variable"},"_links":{"self":[{"href":"https:\/\/higienicpants.com\/de\/wp-json\/wp\/v2\/product\/2515","targetHints":{"allow":["GET"]}}],"collection":[{"href":"https:\/\/higienicpants.com\/de\/wp-json\/wp\/v2\/product"}],"about":[{"href":"https:\/\/higienicpants.com\/de\/wp-json\/wp\/v2\/types\/product"}],"replies":[{"embeddable":true,"href":"https:\/\/higienicpants.com\/de\/wp-json\/wp\/v2\/comments?post=2515"}],"wp:featuredmedia":[{"embeddable":true,"href":"https:\/\/higienicpants.com\/de\/wp-json\/wp\/v2\/media\/2091"}],"wp:attachment":[{"href":"https:\/\/higienicpants.com\/de\/wp-json\/wp\/v2\/media?parent=2515"}],"wp:term":[{"taxonomy":"product_brand","embeddable":true,"href":"https:\/\/higienicpants.com\/de\/wp-json\/wp\/v2\/product_brand?post=2515"},{"taxonomy":"product_cat","embeddable":true,"href":"https:\/\/higienicpants.com\/de\/wp-json\/wp\/v2\/product_cat?post=2515"},{"taxonomy":"product_tag","embeddable":true,"href":"https:\/\/higienicpants.com\/de\/wp-json\/wp\/v2\/product_tag?post=2515"}],"curies":[{"name":"wp","href":"https:\/\/api.w.org\/{rel}","templated":true}]}}