{"id":2516,"date":"2021-05-06T15:00:37","date_gmt":"2021-05-06T13:00:37","guid":{"rendered":"https:\/\/higienicpants.com\/swimmy-inkontinenz-badebekleidung\/"},"modified":"2024-05-15T17:14:22","modified_gmt":"2024-05-15T15:14:22","slug":"swimmy-badehose-gegen-inkontinenz","status":"publish","type":"product","link":"https:\/\/higienicpants.com\/de\/swimmy-badehose-gegen-inkontinenz\/","title":{"rendered":"SWIMMY Badehose gegen Inkontinenz"},"content":{"rendered":"<ul>\n<li>\t<section class=\"section\" id=\"section_1842129072\">\n\t\t<div class=\"bg section-bg fill bg-fill bg-loaded bg-loaded\" >\n\n\t\t\t\n\t\t\t<div class=\"section-bg-overlay absolute fill\"><\/div>\n\t\t\t\n\n\t\t<\/div>\n\n\t\t\n\n\t\t<div class=\"section-content relative\">\n\t\t\t<\/li>\n<\/ul>\n<div class=\"row row-collapse row-full-width align-middle\"  id=\"row-368390527\">\n\n\t<div id=\"col-1029420536\" class=\"col medium-6 small-12 large-6\"  >\n\t\t\t\t<div class=\"col-inner\"  >\n\t\t\t\n\t\t\t\n<div class=\"video video-fit mb\" style=\"padding-top:56.25%;\"><p><iframe loading=\"lazy\" title=\"HIGIENIC PANTS SWIMMY - Costume da bagno per incontinenti\" width=\"1020\" height=\"574\" src=\"https:\/\/www.youtube.com\/embed\/6LXwI6zXyUA?feature=oembed\" frameborder=\"0\" allow=\"accelerometer; autoplay; clipboard-write; encrypted-media; gyroscope; picture-in-picture; web-share\" referrerpolicy=\"strict-origin-when-cross-origin\" allowfullscreen><\/iframe><\/p>\n<\/div>\n\t\t<\/div>\n\t\t\t\t\t<\/div>\n\n\t\n\n\t<div id=\"col-31112286\" class=\"col medium-6 small-12 large-6\"  >\n\t\t\t\t<div class=\"col-inner text-center\"  >\n\t\t\t\n\t\t\t\n<h2>Swimmy<\/h2>\n<p>Entdecken Sie den inkontinenten Badeanzug.<\/p>\n<p>Sehen Sie sich das Video an<\/p>\n\t\t<\/div>\n\t\t\t\t\n<style>\n#col-31112286 > .col-inner {\n  padding: 10% 10% 10% 10%;\n  max-width: 520px;\n}\n<\/style>\n\t<\/div>\n\n\t\n<\/div>\n\t<div id=\"gap-992046468\" class=\"gap-element clearfix\" style=\"display:block; height:auto;\">\n\t\t\n<style>\n#gap-992046468 {\n  padding-top: 50px;\n}\n<\/style>\n\t<\/div>\n\t\n\t\t<\/div>\n\n\t\t\n<style>\n#section_1842129072 {\n  padding-top: 0px;\n  padding-bottom: 0px;\n  background-color: rgb(247, 247, 247);\n}\n#section_1842129072 .section-bg-overlay {\n  background-color: rgba(255, 255, 255, 0.85);\n}\n<\/style>\n\t<\/section>\n\t\n<h2>Merkmale des Inkontinenz-Badeanzugs Swimmy Higienic Pants<\/h2>\n<p>Swimmy ist ein Badeanzug f\u00fcr inkontinente Menschen, der von au\u00dfen wie ein normaler Badeanzug aussieht, w\u00e4hrend er innen mit einer Auffanghose ausgestattet ist, die als Barriere f\u00fcr jede Art von versch\u00fctteten Fl\u00fcssigkeiten und\/oder Feststoffen dient. Der innere Teil der Badehose besteht aus einer Dichthose mit zwei wirksamen Dichtsystemen: einem elastischen und verstellbaren Kordelzug und einem Silikonband um die Taille und um die Oberschenkel. Dank der perfekten Haftung auf der Haut verhindert das Dichtungssystem jegliche Art von Feststoffleckage. Alle im Abschnitt \u201eGr\u00f6\u00dfentabelle\u201c angegebenen Ma\u00dfe k\u00f6nnen dank der elastischen Kordel sowohl an der Taille als auch am Oberschenkel um 4\u20135 cm reduziert werden. Beispiel: Erwachsener, Gr\u00f6\u00dfe 5, Taillenumfang 59-73 cm (mit der 59 cm langen elastischen Kordel kann er auf 56 cm verengt und in jedem Fall auf bis zu 73 cm verl\u00e4ngert werden); Oberschenkelumfang 44-54 cm (mit der 44 cm langen elastischen Kordel kann er auf 41 cm verengt und in jedem Fall auf bis zu 54 cm verl\u00e4ngert werden).<\/p>\n<h3>Komposition<\/h3>\n<p>Au\u00dfenteile: Lycra \u2013 schwarze Farbe<br \/>\nInnen: 100 % Baumwolle; Innenfutter aus Polyurethan.<\/p>\n<h2>Zusammensetzung<\/h2>\n<p>Obermaterial: Lycra &#8211; Farbe schwarzInnenmaterial: 100% Baumwolle; Polyurethan-Futter.<\/p>\n<h2>Waschanleitung<\/h2>\n<p>Nach dem Schwimmen im Pool empfehlen wir ein gr\u00fcndliches Absp\u00fclen mit flie\u00dfendem Wasser, um zu verhindern, dass das Chlor Ihren Badeanzug ruiniert. Waschbar bis 40\u00b0<br \/>\n<img loading=\"lazy\" decoding=\"async\" class=\"alignnone size-full wp-image-449\" src=\"https:\/\/higienicpants.com\/wp-content\/uploads\/2021\/05\/istruzioni-per-il-lavaggio-costume-per-incontinenti.jpg\" alt=\"Waschanleitung Kost\u00fcm f\u00fcr inkontinente Personen\" width=\"303\" height=\"48\" \/><\/p>\n\t<div id=\"gap-300781490\" class=\"gap-element clearfix\" style=\"display:block; height:auto;\">\n\t\t\n<style>\n#gap-300781490 {\n  padding-top: 40px;\n}\n<\/style>\n\t<\/div>\n\t\n\t<div id=\"gap-52693975\" class=\"gap-element clearfix\" style=\"display:block; height:auto;\">\n\t\t\n<style>\n#gap-52693975 {\n  padding-top: 40px;\n}\n<\/style>\n\t<\/div>\n\t\n\t<div id=\"text-188803870\" class=\"text\">\n\t\t\n<h2>Gr\u00f6\u00dfentabelle<\/h2>\n\t\t\n<style>\n#text-188803870 {\n  text-align: center;\n}\n<\/style>\n\t<\/div>\n\t\n\t<div class=\"img has-hover x md-x lg-x y md-y lg-y\" id=\"image_2052083250\">\n\t\t\t\t\t\t\t\t<div class=\"img-inner dark\" >\n\t\t\t<img loading=\"lazy\" decoding=\"async\" width=\"1020\" height=\"232\" src=\"https:\/\/higienicpants.com\/wp-content\/uploads\/2024\/05\/0-Swimmy-Tedesco-1400x319.png\" class=\"attachment-large size-large\" alt=\"\" srcset=\"https:\/\/higienicpants.com\/wp-content\/uploads\/2024\/05\/0-Swimmy-Tedesco-1400x319.png 1400w, https:\/\/higienicpants.com\/wp-content\/uploads\/2024\/05\/0-Swimmy-Tedesco-800x182.png 800w, https:\/\/higienicpants.com\/wp-content\/uploads\/2024\/05\/0-Swimmy-Tedesco-768x175.png 768w, https:\/\/higienicpants.com\/wp-content\/uploads\/2024\/05\/0-Swimmy-Tedesco-1536x350.png 1536w, https:\/\/higienicpants.com\/wp-content\/uploads\/2024\/05\/0-Swimmy-Tedesco-510x116.png 510w, https:\/\/higienicpants.com\/wp-content\/uploads\/2024\/05\/0-Swimmy-Tedesco.png 2008w\" sizes=\"auto, (max-width: 1020px) 100vw, 1020px\" \/>\t\t\t\t\t\t\n\t\t\t\t\t<\/div>\n\t\t\t\t\t\t\t\t\n<style>\n#image_2052083250 {\n  width: 100%;\n}\n<\/style>\n\t<\/div>\n\t\n\t<div class=\"img has-hover x md-x lg-x y md-y lg-y\" id=\"image_1202048384\">\n\t\t\t\t\t\t\t\t<div class=\"img-inner dark\" >\n\t\t\t<img loading=\"lazy\" decoding=\"async\" width=\"845\" height=\"598\" src=\"https:\/\/higienicpants.com\/wp-content\/uploads\/2024\/05\/Swimmy-Tedesco.png\" class=\"attachment-large size-large\" alt=\"\" srcset=\"https:\/\/higienicpants.com\/wp-content\/uploads\/2024\/05\/Swimmy-Tedesco.png 845w, https:\/\/higienicpants.com\/wp-content\/uploads\/2024\/05\/Swimmy-Tedesco-565x400.png 565w, https:\/\/higienicpants.com\/wp-content\/uploads\/2024\/05\/Swimmy-Tedesco-768x544.png 768w, https:\/\/higienicpants.com\/wp-content\/uploads\/2024\/05\/Swimmy-Tedesco-510x361.png 510w\" sizes=\"auto, (max-width: 845px) 100vw, 845px\" \/>\t\t\t\t\t\t\n\t\t\t\t\t<\/div>\n\t\t\t\t\t\t\t\t\n<style>\n#image_1202048384 {\n  width: 100%;\n}\n<\/style>\n\t<\/div>\n\t\n\t<div id=\"gap-853491288\" class=\"gap-element clearfix\" style=\"display:block; height:auto;\">\n\t\t\n<style>\n#gap-853491288 {\n  padding-top: 40px;\n}\n<\/style>\n\t<\/div>\n\t\n","protected":false},"excerpt":{"rendered":"<p>Badeanzug f\u00fcr inkontinente Erwachsene und Kinder. Empfohlen bei Inkontinenz, insbesondere Stuhlinkontinenz, f\u00fcr Personen, die Aktivit\u00e4ten im Wasser, im Schwimmbad oder am Meer aus\u00fcben.<\/p>\n<p>Swimmy ist ein Badeanzug f\u00fcr inkontinente Menschen, der wie ein normaler Badeanzug aussieht.<\/p>\n<p>&nbsp;<\/p>\n<p>Stellen Sie vor dem Kauf sicher, dass Sie die richtige Gr\u00f6\u00dfe ausgew\u00e4hlt haben (siehe Gr\u00f6\u00dfentabelle unten auf der Seite), um eine vollst\u00e4ndige Haftung der Badehose an der Taille und am Oberschenkel zu gew\u00e4hrleisten. Es empfiehlt sich, Messungen im Ruhezustand (mit ausgestrecktem K\u00f6rper) direkt im Hautkontakt wie folgt durchzuf\u00fchren:<\/p>\n<ul>\n<li>Taille (ca. 2 cm unterhalb des Nabels)<\/li>\n<li>um den Oberschenkel (ca. 10 cm von der Leiste entfernt)<\/li>\n<\/ul>\n","protected":false},"featured_media":2241,"comment_status":"open","ping_status":"closed","template":"","meta":[],"product_brand":[],"product_cat":[325,285],"product_tag":[231,287],"class_list":{"0":"post-2516","1":"product","2":"type-product","3":"status-publish","4":"has-post-thumbnail","6":"product_cat-inkontinente-kostume","7":"product_cat-produkte-fuer-inkontinenz","8":"product_tag-kinder","9":"product_tag-unisex-de","11":"first","12":"instock","13":"taxable","14":"shipping-taxable","15":"purchasable","16":"product-type-variable","17":"has-default-attributes"},"_links":{"self":[{"href":"https:\/\/higienicpants.com\/de\/wp-json\/wp\/v2\/product\/2516","targetHints":{"allow":["GET"]}}],"collection":[{"href":"https:\/\/higienicpants.com\/de\/wp-json\/wp\/v2\/product"}],"about":[{"href":"https:\/\/higienicpants.com\/de\/wp-json\/wp\/v2\/types\/product"}],"replies":[{"embeddable":true,"href":"https:\/\/higienicpants.com\/de\/wp-json\/wp\/v2\/comments?post=2516"}],"wp:featuredmedia":[{"embeddable":true,"href":"https:\/\/higienicpants.com\/de\/wp-json\/wp\/v2\/media\/2241"}],"wp:attachment":[{"href":"https:\/\/higienicpants.com\/de\/wp-json\/wp\/v2\/media?parent=2516"}],"wp:term":[{"taxonomy":"product_brand","embeddable":true,"href":"https:\/\/higienicpants.com\/de\/wp-json\/wp\/v2\/product_brand?post=2516"},{"taxonomy":"product_cat","embeddable":true,"href":"https:\/\/higienicpants.com\/de\/wp-json\/wp\/v2\/product_cat?post=2516"},{"taxonomy":"product_tag","embeddable":true,"href":"https:\/\/higienicpants.com\/de\/wp-json\/wp\/v2\/product_tag?post=2516"}],"curies":[{"name":"wp","href":"https:\/\/api.w.org\/{rel}","templated":true}]}}