{"id":2545,"date":"2021-05-20T12:46:36","date_gmt":"2021-05-20T10:46:36","guid":{"rendered":"https:\/\/higienicpants.com\/standard-inkontinenzslips-mit-saugfaehiger-tasche-und-knoepfen\/"},"modified":"2024-05-15T17:10:01","modified_gmt":"2024-05-15T15:10:01","slug":"standard-inkontinenzhose-mit-einer-tasche-fuer-eine-windel-und-knoepfen","status":"publish","type":"product","link":"https:\/\/higienicpants.com\/de\/standard-inkontinenzhose-mit-einer-tasche-fuer-eine-windel-und-knoepfen\/","title":{"rendered":"STANDARD-Inkontinenzhose mit einer Tasche f\u00fcr eine Windel und Kn\u00f6pfen"},"content":{"rendered":"\t<section class=\"section\" id=\"section_276262343\">\n\t\t<div class=\"bg section-bg fill bg-fill bg-loaded bg-loaded\" >\n\n\t\t\t\n\t\t\t<div class=\"section-bg-overlay absolute fill\"><\/div>\n\t\t\t\n\n\t\t<\/div>\n\n\t\t\n\n\t\t<div class=\"section-content relative\">\n\t\t\t\n<div class=\"row row-collapse row-full-width align-middle\"  id=\"row-672224922\">\n\n\t<div id=\"col-1708776877\" class=\"col medium-6 small-12 large-6\"  >\n\t\t\t\t<div class=\"col-inner\"  >\n\t\t\t\n\t\t\t\n<div class=\"video video-fit mb\" style=\"padding-top:56.25%;\"><p><iframe loading=\"lazy\" title=\"Slip per incontinenti STANDARD con tasca porta assorbente e bottoni\" width=\"1020\" height=\"574\" src=\"https:\/\/www.youtube.com\/embed\/MxSaiB53aFI?feature=oembed\" frameborder=\"0\" allow=\"accelerometer; autoplay; clipboard-write; encrypted-media; gyroscope; picture-in-picture; web-share\" referrerpolicy=\"strict-origin-when-cross-origin\" allowfullscreen><\/iframe><\/p>\n<\/div>\n\t\t<\/div>\n\t\t\t\t\t<\/div>\n\n\t\n\n\t<div id=\"col-1885217902\" class=\"col medium-6 small-12 large-6\"  >\n\t\t\t\t<div class=\"col-inner text-center\"  >\n\t\t\t\n\t\t\t\n<h2>STANDARD Schrifts\u00e4tze<\/h2>\n<p>Entdecken Sie das STANDARD Inkontinenzh\u00f6schen, ein H\u00f6schen f\u00fcr schwere und mittlere Inkontinenz.<\/p>\n<p>Sehen Sie sich das Video an<\/p>\n\t\t<\/div>\n\t\t\t\t\n<style>\n#col-1885217902 > .col-inner {\n  padding: 10% 10% 10% 10%;\n  max-width: 520px;\n}\n<\/style>\n\t<\/div>\n\n\t\n<\/div>\n\t<div id=\"gap-534448544\" class=\"gap-element clearfix\" style=\"display:block; height:auto;\">\n\t\t\n<style>\n#gap-534448544 {\n  padding-top: 50px;\n}\n<\/style>\n\t<\/div>\n\t\n\t\t<\/div>\n\n\t\t\n<style>\n#section_276262343 {\n  padding-top: 0px;\n  padding-bottom: 0px;\n  background-color: rgb(247, 247, 247);\n}\n#section_276262343 .section-bg-overlay {\n  background-color: rgba(255, 255, 255, 0.85);\n}\n<\/style>\n\t<\/section>\n\t\n<p><strong>EIGENSCHAFTEN<br \/>\n<\/strong><\/p>\n<p>Die Inkontinenzhose STANDARD besteht aus 3 Schutzschichten:<\/p>\n<ol>\n<li>Hergestellt aus weichem Filtermaterial, das den Durchgang von Fl\u00fcssigkeiten erm\u00f6glicht und den Teil, der mit der Haut in Ber\u00fchrung kommt, trocken l\u00e4sst.<\/li>\n<li>wasserfest, hypoallergen und parf\u00fcmiert, um Harn- und\/oder Stuhlverluste zur\u00fcckzuhalten<\/li>\n<li>aus sehr leichtem Nylon-Jersey.<\/li>\n<\/ol>\n<p>&nbsp;<\/p>\n\t<div id=\"gap-1417233873\" class=\"gap-element clearfix\" style=\"display:block; height:auto;\">\n\t\t\n<style>\n#gap-1417233873 {\n  padding-top: 40px;\n}\n<\/style>\n\t<\/div>\n\t\n<h3 class=\"accordion_title\">Ratgeber Gr\u00f6\u00dfe<\/h3><div class=\"accordion\">\n\t<div id=\"accordion-2748832855\" class=\"accordion-item\">\n\t\t<a id=\"accordion-2748832855-label\" class=\"accordion-title plain\" href=\"#accordion-item-inkontinenzslips-standard\" aria-expanded=\"false\" aria-controls=\"accordion-2748832855-content\" >\n\t\t\t<button class=\"toggle\" aria-label=\"Umschalten\"><i class=\"icon-angle-down\"><\/i><\/button>\n\t\t\t<span>Inkontinenzslips STANDARD<\/span>\n\t\t<\/a>\n\t\t<div id=\"accordion-2748832855-content\" class=\"accordion-inner\" aria-labelledby=\"accordion-2748832855-label\" >\n\t\t\t\n\t<div class=\"img has-hover x md-x lg-x y md-y lg-y\" id=\"image_1609562783\">\n\t\t\t\t\t\t\t\t<div class=\"img-inner dark\" >\n\t\t\t<img loading=\"lazy\" decoding=\"async\" width=\"1020\" height=\"309\" src=\"https:\/\/higienicpants.com\/wp-content\/uploads\/2024\/05\/Slip-standard-guida-alle-taglie-1400x424.png\" class=\"attachment-large size-large\" alt=\"\" srcset=\"https:\/\/higienicpants.com\/wp-content\/uploads\/2024\/05\/Slip-standard-guida-alle-taglie-1400x424.png 1400w, https:\/\/higienicpants.com\/wp-content\/uploads\/2024\/05\/Slip-standard-guida-alle-taglie-800x243.png 800w, https:\/\/higienicpants.com\/wp-content\/uploads\/2024\/05\/Slip-standard-guida-alle-taglie-768x233.png 768w, https:\/\/higienicpants.com\/wp-content\/uploads\/2024\/05\/Slip-standard-guida-alle-taglie-1536x466.png 1536w, https:\/\/higienicpants.com\/wp-content\/uploads\/2024\/05\/Slip-standard-guida-alle-taglie-18x5.png 18w, https:\/\/higienicpants.com\/wp-content\/uploads\/2024\/05\/Slip-standard-guida-alle-taglie-510x155.png 510w, https:\/\/higienicpants.com\/wp-content\/uploads\/2024\/05\/Slip-standard-guida-alle-taglie.png 1920w\" sizes=\"auto, (max-width: 1020px) 100vw, 1020px\" \/>\t\t\t\t\t\t\n\t\t\t\t\t<\/div>\n\t\t\t\t\t\t\t\t\n<style>\n#image_1609562783 {\n  width: 100%;\n}\n<\/style>\n\t<\/div>\n\t\n\t\t<\/div>\n\t<\/div>\n\t\n<\/div>\n\t<div id=\"gap-1040985026\" class=\"gap-element clearfix\" style=\"display:block; height:auto;\">\n\t\t\n<style>\n#gap-1040985026 {\n  padding-top: 40px;\n}\n<\/style>\n\t<\/div>\n\t\n\t<section class=\"section\" id=\"section_2082263870\">\n\t\t<div class=\"bg section-bg fill bg-fill bg-loaded bg-loaded\" >\n\n\t\t\t\n\t\t\t<div class=\"section-bg-overlay absolute fill\"><\/div>\n\t\t\t\n\n\t\t<\/div>\n\n\t\t\n\n\t\t<div class=\"section-content relative\">\n\t\t\t\n<div class=\"row row-collapse align-center\"  id=\"row-169203464\">\n\n\t<div id=\"col-72647833\" class=\"col medium-6 small-12 large-6\"  >\n\t\t\t\t<div class=\"col-inner text-center\"  >\n\t\t\t\n\t\t\t\n<h2>Leitfaden zur Auswahl von Schrifts\u00e4tzen<\/h2>\n<p>Entdecken Sie den passenden Slip f\u00fcr Ihre Inkontinenzart<\/p>\n\t\t<\/div>\n\t\t\t\t\n<style>\n#col-72647833 > .col-inner {\n  padding: 50px 0px 50px 0px;\n}\n<\/style>\n\t<\/div>\n\n\t\n\n\t<div id=\"col-59320829\" class=\"col large-12\"  >\n\t\t\t\t<div class=\"col-inner\"  >\n\t\t\t\n\t\t\t\n\t<div class=\"img has-hover x md-x lg-x y md-y lg-y\" id=\"image_2112037632\">\n\t\t\t\t\t\t\t\t<div class=\"img-inner dark\" >\n\t\t\t<img loading=\"lazy\" decoding=\"async\" width=\"1020\" height=\"264\" src=\"https:\/\/higienicpants.com\/wp-content\/uploads\/2024\/05\/slip-Tedesco-1400x363.png\" class=\"attachment-large size-large\" alt=\"\" srcset=\"https:\/\/higienicpants.com\/wp-content\/uploads\/2024\/05\/slip-Tedesco-1400x363.png 1400w, https:\/\/higienicpants.com\/wp-content\/uploads\/2024\/05\/slip-Tedesco-800x207.png 800w, https:\/\/higienicpants.com\/wp-content\/uploads\/2024\/05\/slip-Tedesco-768x199.png 768w, https:\/\/higienicpants.com\/wp-content\/uploads\/2024\/05\/slip-Tedesco-1536x398.png 1536w, https:\/\/higienicpants.com\/wp-content\/uploads\/2024\/05\/slip-Tedesco-510x132.png 510w, https:\/\/higienicpants.com\/wp-content\/uploads\/2024\/05\/slip-Tedesco.png 2008w\" sizes=\"auto, (max-width: 1020px) 100vw, 1020px\" \/>\t\t\t\t\t\t\n\t\t\t\t\t<\/div>\n\t\t\t\t\t\t\t\t\n<style>\n#image_2112037632 {\n  width: 100%;\n}\n<\/style>\n\t<\/div>\n\t\n\t\t<\/div>\n\t\t\t\t\t<\/div>\n\n\t\n<\/div>\n\t\t<\/div>\n\n\t\t\n<style>\n#section_2082263870 {\n  padding-top: 0px;\n  padding-bottom: 0px;\n  background-color: rgb(208, 208, 208);\n}\n#section_2082263870 .section-bg-overlay {\n  background-color: rgba(255, 255, 255, 0.85);\n}\n<\/style>\n\t<\/section>\n\t\n\t<div id=\"gap-2047848544\" class=\"gap-element clearfix\" style=\"display:block; height:auto;\">\n\t\t\n<style>\n#gap-2047848544 {\n  padding-top: 40px;\n}\n<\/style>\n\t<\/div>\n\t\n","protected":false},"excerpt":{"rendered":"<p>Die Inkontinenzhose STANDARD verf\u00fcgt \u00fcber eine Tasche f\u00fcr eine Windel und Kn\u00f6pfe.<\/p>\n<p>STANDARD ist eine Hose f\u00fcr Harninkontinenz, die bei allen Formen der Inkontinenz bis hin zu sehr schwerer Inkontinenz eingesetzt werden kann. Es ist mit einer Innentasche zur Unterbringung und Aufbewahrung der Windel ausgestattet.<\/p>\n<p>Dieses Standard-Inkontinenzh\u00f6schen ist wiederverwendbar. Waschen Sie empfindliche W\u00e4schest\u00fccke maximal bei 40 \u00b0C mit Seife.<\/p>\n","protected":false},"featured_media":2303,"comment_status":"open","ping_status":"closed","template":"","meta":[],"product_brand":[],"product_cat":[286,285],"product_tag":[287],"class_list":{"0":"post-2545","1":"product","2":"type-product","3":"status-publish","4":"has-post-thumbnail","6":"product_cat-hosen-fuer-inkontinente","7":"product_cat-produkte-fuer-inkontinenz","8":"product_tag-unisex-de","10":"first","11":"instock","12":"taxable","13":"shipping-taxable","14":"purchasable","15":"product-type-variable","16":"has-default-attributes"},"_links":{"self":[{"href":"https:\/\/higienicpants.com\/de\/wp-json\/wp\/v2\/product\/2545","targetHints":{"allow":["GET"]}}],"collection":[{"href":"https:\/\/higienicpants.com\/de\/wp-json\/wp\/v2\/product"}],"about":[{"href":"https:\/\/higienicpants.com\/de\/wp-json\/wp\/v2\/types\/product"}],"replies":[{"embeddable":true,"href":"https:\/\/higienicpants.com\/de\/wp-json\/wp\/v2\/comments?post=2545"}],"wp:featuredmedia":[{"embeddable":true,"href":"https:\/\/higienicpants.com\/de\/wp-json\/wp\/v2\/media\/2303"}],"wp:attachment":[{"href":"https:\/\/higienicpants.com\/de\/wp-json\/wp\/v2\/media?parent=2545"}],"wp:term":[{"taxonomy":"product_brand","embeddable":true,"href":"https:\/\/higienicpants.com\/de\/wp-json\/wp\/v2\/product_brand?post=2545"},{"taxonomy":"product_cat","embeddable":true,"href":"https:\/\/higienicpants.com\/de\/wp-json\/wp\/v2\/product_cat?post=2545"},{"taxonomy":"product_tag","embeddable":true,"href":"https:\/\/higienicpants.com\/de\/wp-json\/wp\/v2\/product_tag?post=2545"}],"curies":[{"name":"wp","href":"https:\/\/api.w.org\/{rel}","templated":true}]}}