{"id":2575,"date":"2021-05-06T14:05:52","date_gmt":"2021-05-06T12:05:52","guid":{"rendered":"https:\/\/higienicpants.com\/milbensicherer-kopfkissenbezug\/"},"modified":"2024-05-15T16:42:22","modified_gmt":"2024-05-15T14:42:22","slug":"anti-milben-kissenbezug","status":"publish","type":"product","link":"https:\/\/higienicpants.com\/de\/anti-milben-kissenbezug\/","title":{"rendered":"Anti-Milben-Kissenbezug"},"content":{"rendered":"<h2>Pflege des Anti-Milben-Kissenbezugs<\/h2>\n<p>Die Anti-Milben-Kissenbez\u00fcge sind bei 60\u00b0C hand- oder maschinenwaschbar.<\/p>\n<p>&nbsp;<\/p>\n","protected":false},"excerpt":{"rendered":"<p>Der Anti-Milben-Kissenbezug ist ideal f\u00fcr den vollst\u00e4ndigen Schutz des Kissens. Es erf\u00fcllt eine Anti-Milben-Funktion, hemmt die Ausbreitung von Mikroorganismen und tr\u00e4gt zusammen mit den anderen geeigneten Hygienema\u00dfnahmen zur Vorbeugung von Allergien bei.<\/p>\n<p>Unsere Anti-Milben-Kissenbez\u00fcge sind in zwei Ausf\u00fchrungen erh\u00e4ltlich:<\/p>\n<ul>\n<li>WEICH: Anti-Milben-Kissenbezug aus hoch atmungsaktivem Polypropylen (TNT) f\u00fcr maximalen Komfort. Auch in der Baby-Version erh\u00e4ltlich.<\/li>\n<li>HOCH: wasserdichter Anti-Milben-Kissenbezug aus gekoppeltem Stoff (au\u00dfen Polyester + innen Polyurethan).<\/li>\n<\/ul>\n<p>Diese L\u00f6sung macht den Kissenbezug sowohl wasserdicht als auch milbenhemmend.<br \/>\nDer Anti-Milben-Kissenbezug ist ein Medizinprodukt der KLASSE 1.<\/p>\n","protected":false},"featured_media":2119,"comment_status":"open","ping_status":"closed","template":"","meta":[],"product_brand":[],"product_cat":[239],"product_tag":[240],"class_list":{"0":"post-2575","1":"product","2":"type-product","3":"status-publish","4":"has-post-thumbnail","6":"product_cat-milbensicher","7":"product_tag-salvaletto-de","9":"first","10":"instock","11":"taxable","12":"shipping-taxable","13":"purchasable","14":"product-type-variable","15":"has-default-attributes"},"_links":{"self":[{"href":"https:\/\/higienicpants.com\/de\/wp-json\/wp\/v2\/product\/2575","targetHints":{"allow":["GET"]}}],"collection":[{"href":"https:\/\/higienicpants.com\/de\/wp-json\/wp\/v2\/product"}],"about":[{"href":"https:\/\/higienicpants.com\/de\/wp-json\/wp\/v2\/types\/product"}],"replies":[{"embeddable":true,"href":"https:\/\/higienicpants.com\/de\/wp-json\/wp\/v2\/comments?post=2575"}],"wp:featuredmedia":[{"embeddable":true,"href":"https:\/\/higienicpants.com\/de\/wp-json\/wp\/v2\/media\/2119"}],"wp:attachment":[{"href":"https:\/\/higienicpants.com\/de\/wp-json\/wp\/v2\/media?parent=2575"}],"wp:term":[{"taxonomy":"product_brand","embeddable":true,"href":"https:\/\/higienicpants.com\/de\/wp-json\/wp\/v2\/product_brand?post=2575"},{"taxonomy":"product_cat","embeddable":true,"href":"https:\/\/higienicpants.com\/de\/wp-json\/wp\/v2\/product_cat?post=2575"},{"taxonomy":"product_tag","embeddable":true,"href":"https:\/\/higienicpants.com\/de\/wp-json\/wp\/v2\/product_tag?post=2575"}],"curies":[{"name":"wp","href":"https:\/\/api.w.org\/{rel}","templated":true}]}}