{"id":2576,"date":"2021-06-03T13:12:32","date_gmt":"2021-06-03T11:12:32","guid":{"rendered":"https:\/\/higienicpants.com\/drydorm-wasserdichte-plane\/"},"modified":"2024-05-15T16:06:40","modified_gmt":"2024-05-15T14:06:40","slug":"drydorm-wasserdichtes-bettlaken","status":"publish","type":"product","link":"https:\/\/higienicpants.com\/de\/drydorm-wasserdichtes-bettlaken\/","title":{"rendered":"DRYDORM wasserdichtes Bettlaken"},"content":{"rendered":"\t<section class=\"section\" id=\"section_1423102802\">\n\t\t<div class=\"bg section-bg fill bg-fill bg-loaded bg-loaded\" >\n\n\t\t\t\n\t\t\t<div class=\"section-bg-overlay absolute fill\"><\/div>\n\t\t\t\n\n\t\t<\/div>\n\n\t\t\n\n\t\t<div class=\"section-content relative\">\n\t\t\t\n<div class=\"row row-collapse row-full-width align-middle\"  id=\"row-825099163\">\n\n\t<div id=\"col-1944892845\" class=\"col medium-6 small-12 large-6\"  >\n\t\t\t\t<div class=\"col-inner\"  >\n\t\t\t\n\t\t\t\n<div class=\"video video-fit mb\" style=\"padding-top:56.25%;\"><p><iframe loading=\"lazy\" title=\"DRYDORM - Telo salva letto impermeabile in cotone rasato\" width=\"1020\" height=\"574\" src=\"https:\/\/www.youtube.com\/embed\/aRcLdGhnBYA?feature=oembed\" frameborder=\"0\" allow=\"accelerometer; autoplay; clipboard-write; encrypted-media; gyroscope; picture-in-picture; web-share\" referrerpolicy=\"strict-origin-when-cross-origin\" allowfullscreen><\/iframe><\/p>\n<\/div>\n\t\t<\/div>\n\t\t\t\t\t<\/div>\n\n\t\n\n\t<div id=\"col-1154292553\" class=\"col medium-6 small-12 large-6\"  >\n\t\t\t\t<div class=\"col-inner text-center\"  >\n\t\t\t\n\t\t\t\n<h2>Drydorm<\/h2>\n<p>Entdecken Sie das Bettlaken aus Baumwolle.<\/p>\n<p>Sehen Sie sich das Video an<\/p>\n\t\t<\/div>\n\t\t\t\t\n<style>\n#col-1154292553 > .col-inner {\n  padding: 10% 10% 10% 10%;\n  max-width: 520px;\n}\n<\/style>\n\t<\/div>\n\n\t\n<\/div>\n\t<div id=\"gap-603607414\" class=\"gap-element clearfix\" style=\"display:block; height:auto;\">\n\t\t\n<style>\n#gap-603607414 {\n  padding-top: 50px;\n}\n<\/style>\n\t<\/div>\n\t\n\t\t<\/div>\n\n\t\t\n<style>\n#section_1423102802 {\n  padding-top: 0px;\n  padding-bottom: 0px;\n  background-color: rgb(247, 247, 247);\n}\n#section_1423102802 .section-bg-overlay {\n  background-color: rgba(255, 255, 255, 0.85);\n}\n<\/style>\n\t<\/section>\n\t\n<p>Das DRYDORM Inkontinenzbettlaken ist in zwei Varianten erh\u00e4ltlich:<br \/>\n\u2022 Rasierte Baumwolle: Das Laken besteht aus zwei Schichten, eine aus 100 % reiner Baumwolle, die mit dem Patienten in Kontakt kommt, und die andere mit wei\u00dfem Harz beschichtet und mit dem Firmenlogo bedruckt.<br \/>\n\u2022 Frottee-Baumwolle: Das Laken besteht aus zwei Schichten, eine aus Baumwolle, die in Kontakt mit dem Patienten in Schwammstoff verarbeitet ist, und die andere aus mit wei\u00dfem Harz beschichtetem Material, auf dem das Firmenlogo aufgedruckt ist.<\/p>\n<p>Es l\u00e4sst sich perfekt auftragen, ohne sich zu kr\u00e4useln. Auch mit Metall\u00f6sen zur Befestigung am Bett mittels Klebeband erh\u00e4ltlich. Handwaschbar oder in der Waschmaschine bei 60\u00b0C.<\/p>\n","protected":false},"excerpt":{"rendered":"<div class=\"page\" title=\"Seite 13\">\n<div class=\"layoutArea\">\n<div class=\"column\">\n<p>Das DRYDORM-Baumwollbettlaken f\u00fcr Inkontinenz wird zum Schutz der Bettmatratze bei Inkontinenz, Enuresis oder anderen \u00e4hnlichen Bed\u00fcrfnissen empfohlen: Es handelt sich um eine wasserdichte Bettunterlage, die sich ideal zum Schutz der Matratze in allen F\u00e4llen von Inkontinenz eignet.<\/p>\n<p>Das Bettlaken hat eine Schicht aus 100 % reiner Baumwolle, die mit der Person in Kontakt kommt, w\u00e4hrend die andere Seite, die mit der Matratze in Kontakt kommt, aus wei\u00dfem, desodoriertem Harz besteht, das keine Ger\u00fcche abgibt.<\/p>\n<\/div>\n<\/div>\n<\/div>\n","protected":false},"featured_media":2095,"comment_status":"open","ping_status":"closed","template":"","meta":[],"product_brand":[],"product_cat":[313,285],"product_tag":[240],"class_list":{"0":"post-2576","1":"product","2":"type-product","3":"status-publish","4":"has-post-thumbnail","6":"product_cat-inkontinenz-bettschoner","7":"product_cat-produkte-fuer-inkontinenz","8":"product_tag-salvaletto-de","10":"first","11":"instock","12":"taxable","13":"shipping-taxable","14":"purchasable","15":"product-type-variable","16":"has-default-attributes"},"_links":{"self":[{"href":"https:\/\/higienicpants.com\/de\/wp-json\/wp\/v2\/product\/2576","targetHints":{"allow":["GET"]}}],"collection":[{"href":"https:\/\/higienicpants.com\/de\/wp-json\/wp\/v2\/product"}],"about":[{"href":"https:\/\/higienicpants.com\/de\/wp-json\/wp\/v2\/types\/product"}],"replies":[{"embeddable":true,"href":"https:\/\/higienicpants.com\/de\/wp-json\/wp\/v2\/comments?post=2576"}],"wp:featuredmedia":[{"embeddable":true,"href":"https:\/\/higienicpants.com\/de\/wp-json\/wp\/v2\/media\/2095"}],"wp:attachment":[{"href":"https:\/\/higienicpants.com\/de\/wp-json\/wp\/v2\/media?parent=2576"}],"wp:term":[{"taxonomy":"product_brand","embeddable":true,"href":"https:\/\/higienicpants.com\/de\/wp-json\/wp\/v2\/product_brand?post=2576"},{"taxonomy":"product_cat","embeddable":true,"href":"https:\/\/higienicpants.com\/de\/wp-json\/wp\/v2\/product_cat?post=2576"},{"taxonomy":"product_tag","embeddable":true,"href":"https:\/\/higienicpants.com\/de\/wp-json\/wp\/v2\/product_tag?post=2576"}],"curies":[{"name":"wp","href":"https:\/\/api.w.org\/{rel}","templated":true}]}}