{"id":2612,"date":"2021-05-20T09:12:34","date_gmt":"2021-05-20T07:12:34","guid":{"rendered":"https:\/\/higienicpants.com\/swimmy-slip-badeanzug-slips\/"},"modified":"2024-05-15T16:01:42","modified_gmt":"2024-05-15T14:01:42","slug":"swimmy-pants-versiegelungsfarbe-fuer-badehosen","status":"publish","type":"product","link":"https:\/\/higienicpants.com\/de\/swimmy-pants-versiegelungsfarbe-fuer-badehosen\/","title":{"rendered":"SWIMMY PANTS \u2013 Versiegelungsfarbe f\u00fcr Badehosen"},"content":{"rendered":"\t<section class=\"section\" id=\"section_1773958824\">\n\t\t<div class=\"bg section-bg fill bg-fill bg-loaded bg-loaded\" >\n\n\t\t\t\n\t\t\t<div class=\"section-bg-overlay absolute fill\"><\/div>\n\t\t\t\n\n\t\t<\/div>\n\n\t\t\n\n\t\t<div class=\"section-content relative\">\n\t\t\t\n<div class=\"row row-collapse row-full-width align-middle\"  id=\"row-1030122770\">\n\n\t<div id=\"col-621652475\" class=\"col medium-6 small-12 large-6\"  >\n\t\t\t\t<div class=\"col-inner\"  >\n\t\t\t\n\t\t\t\n<div class=\"video video-fit mb\" style=\"padding-top:56.25%;\"><p><iframe loading=\"lazy\" title=\"HIGIENIC PANTS SWIMMY SLIP - Slip contenitivo per costume da bagno\" width=\"1020\" height=\"574\" src=\"https:\/\/www.youtube.com\/embed\/djSKgGhFd7M?feature=oembed\" frameborder=\"0\" allow=\"accelerometer; autoplay; clipboard-write; encrypted-media; gyroscope; picture-in-picture; web-share\" referrerpolicy=\"strict-origin-when-cross-origin\" allowfullscreen><\/iframe><\/p>\n<\/div>\n\t\t<\/div>\n\t\t\t\t\t<\/div>\n\n\t\n\n\t<div id=\"col-1025271242\" class=\"col medium-6 small-12 large-6\"  >\n\t\t\t\t<div class=\"col-inner text-center\"  >\n\t\t\t\n\t\t\t\n<h2>SWIMMY PANTS \u2013 Versiegelungsfarbe f\u00fcr Badehosen<\/h2>\n<p>Entdecken Sie den Slip zum Anziehen unter dem Badeanzug.<\/p>\n<p>Sehen Sie sich das Video an<\/p>\n\t\t<\/div>\n\t\t\t\t\n<style>\n#col-1025271242 > .col-inner {\n  padding: 10% 10% 10% 10%;\n  max-width: 520px;\n}\n<\/style>\n\t<\/div>\n\n\t\n<\/div>\n\t<div id=\"gap-2075199254\" class=\"gap-element clearfix\" style=\"display:block; height:auto;\">\n\t\t\n<style>\n#gap-2075199254 {\n  padding-top: 50px;\n}\n<\/style>\n\t<\/div>\n\t\n\t\t<\/div>\n\n\t\t\n<style>\n#section_1773958824 {\n  padding-top: 0px;\n  padding-bottom: 0px;\n  background-color: rgb(247, 247, 247);\n}\n#section_1773958824 .section-bg-overlay {\n  background-color: rgba(255, 255, 255, 0.85);\n}\n<\/style>\n\t<\/section>\n\t\n<h2>Eigenschaften der SWIMMY SEALANT PAINT f\u00fcr Badehosen bei Inkontinenz<\/h2>\n<p>Die Inkontinenz-Swimmy Pant f\u00fcr Badeanz\u00fcge verf\u00fcgt \u00fcber zwei wirksame Verschlusssysteme: einen elastischen und verstellbaren Kordelzug und ein Silikonband um die Taille und den Oberschenkel. Dank einer perfekten Haftung auf der Haut verhindert das Dichtungssystem wirksam jegliche Art von Feststoffaustritt. Alle in der Gr\u00f6\u00dfentabelle unten auf der Seite angegebenen Ma\u00dfe k\u00f6nnen dank der elastischen Kordel an der Taille und um den Oberschenkel um 4\u20135 cm reduziert werden. Beispiel: Erwachsener, Gr\u00f6\u00dfe 5, Taille cm. 59-73 (mit der 59 cm langen elastischen Kordel kann es auf 56 cm verengt und auf jeden Fall auf bis zu 73 cm verl\u00e4ngert werden); Oberschenkelumfang cm. 44-54 (mit der 44 cm langen elastischen Kordel kann es auf 41 cm verengt und auf jeden Fall auf bis zu 54 cm verl\u00e4ngert werden).<\/p>\n<h2>Zusammensetzung der Swimmy Pant f\u00fcr den Badeanzug<\/h2>\n<p>Au\u00dfenteile: Lycra \u2013 schwarze Farbe<br \/>\nInnen: 100 % Baumwolle; Innenfutter aus Polyurethan.<\/p>\n<h2>Waschanleitung<\/h2>\n<p>Nach dem Schwimmen im Pool empfehlen wir ein gr\u00fcndliches Absp\u00fclen mit flie\u00dfendem Wasser, um zu verhindern, dass das Chlor Ihren Badeanzug ruiniert. Waschbar bis 40\u00b0.<br \/>\n<img loading=\"lazy\" decoding=\"async\" class=\"size-full wp-image-449 alignnone\" src=\"https:\/\/higienicpants.com\/wp-content\/uploads\/2021\/05\/istruzioni-per-il-lavaggio-costume-per-incontinenti.jpg\" alt=\"Waschanleitung Kost\u00fcm f\u00fcr inkontinente Personen\" width=\"303\" height=\"48\" \/><\/p>\n\t<div id=\"gap-2064097664\" class=\"gap-element clearfix\" style=\"display:block; height:auto;\">\n\t\t\n<style>\n#gap-2064097664 {\n  padding-top: 40px;\n}\n<\/style>\n\t<\/div>\n\t\n\t<div id=\"text-3901493962\" class=\"text\">\n\t\t\n<h2>Ratgeber Gr\u00f6\u00dfe<\/h2>\n\t\t\n<style>\n#text-3901493962 {\n  text-align: center;\n}\n<\/style>\n\t<\/div>\n\t\n\t<div class=\"img has-hover x md-x lg-x y md-y lg-y\" id=\"image_1938654894\">\n\t\t\t\t\t\t\t\t<div class=\"img-inner dark\" >\n\t\t\t<img loading=\"lazy\" decoding=\"async\" width=\"850\" height=\"600\" src=\"https:\/\/higienicpants.com\/wp-content\/uploads\/2024\/02\/tabella-taglie-swimmy-costume-per-incontinenti.jpg\" class=\"attachment-large size-large\" alt=\"\" srcset=\"https:\/\/higienicpants.com\/wp-content\/uploads\/2024\/02\/tabella-taglie-swimmy-costume-per-incontinenti.jpg 850w, https:\/\/higienicpants.com\/wp-content\/uploads\/2024\/02\/tabella-taglie-swimmy-costume-per-incontinenti-567x400.jpg 567w, https:\/\/higienicpants.com\/wp-content\/uploads\/2024\/02\/tabella-taglie-swimmy-costume-per-incontinenti-768x542.jpg 768w, https:\/\/higienicpants.com\/wp-content\/uploads\/2024\/02\/tabella-taglie-swimmy-costume-per-incontinenti-510x360.jpg 510w\" sizes=\"auto, (max-width: 850px) 100vw, 850px\" \/>\t\t\t\t\t\t\n\t\t\t\t\t<\/div>\n\t\t\t\t\t\t\t\t\n<style>\n#image_1938654894 {\n  width: 100%;\n}\n<\/style>\n\t<\/div>\n\t\n\t<div class=\"img has-hover x md-x lg-x y md-y lg-y\" id=\"image_20786920\">\n\t\t\t\t\t\t\t\t<div class=\"img-inner dark\" >\n\t\t\t<img loading=\"lazy\" decoding=\"async\" width=\"841\" height=\"595\" src=\"https:\/\/higienicpants.com\/wp-content\/uploads\/2023\/08\/Swimmy-come-prendere-le-misure.jpeg\" class=\"attachment-large size-large\" alt=\"\" srcset=\"https:\/\/higienicpants.com\/wp-content\/uploads\/2023\/08\/Swimmy-come-prendere-le-misure.jpeg 841w, https:\/\/higienicpants.com\/wp-content\/uploads\/2023\/08\/Swimmy-come-prendere-le-misure-565x400.jpeg 565w, https:\/\/higienicpants.com\/wp-content\/uploads\/2023\/08\/Swimmy-come-prendere-le-misure-768x543.jpeg 768w, https:\/\/higienicpants.com\/wp-content\/uploads\/2023\/08\/Swimmy-come-prendere-le-misure-510x361.jpeg 510w\" sizes=\"auto, (max-width: 841px) 100vw, 841px\" \/>\t\t\t\t\t\t\n\t\t\t\t\t<\/div>\n\t\t\t\t\t\t\t\t\n<style>\n#image_20786920 {\n  width: 100%;\n}\n<\/style>\n\t<\/div>\n\t\n\t<div id=\"gap-76694926\" class=\"gap-element clearfix\" style=\"display:block; height:auto;\">\n\t\t\n<style>\n#gap-76694926 {\n  padding-top: 40px;\n}\n<\/style>\n\t<\/div>\n\t\n\t<div id=\"gap-1979550115\" class=\"gap-element clearfix\" style=\"display:block; height:auto;\">\n\t\t\n<style>\n#gap-1979550115 {\n  padding-top: 40px;\n}\n<\/style>\n\t<\/div>\n\t\n","protected":false},"excerpt":{"rendered":"<p>Swimmy Pant wird bei Inkontinenz empfohlen, insbesondere bei Stuhlinkontinenz f\u00fcr diejenigen, die Aktivit\u00e4ten im Wasser, im Schwimmbad oder am Meer aus\u00fcben. Es kann wie ein normaler Slip unter einer Shorts getragen werden: Es fungiert als Barriere gegen versch\u00fcttete Fl\u00fcssigkeiten oder Feststoffe.<\/p>\n<p>Stellen Sie vor dem Kauf sicher, dass Sie die richtige Gr\u00f6\u00dfe ausgew\u00e4hlt haben (siehe Gr\u00f6\u00dfentabelle unten auf der Seite), um eine vollst\u00e4ndige Haftung der Badehose an der Taille und am Oberschenkel zu gew\u00e4hrleisten.<br \/>\nEs empfiehlt sich, Messungen im Ruhezustand (mit ausgestrecktem K\u00f6rper) direkt im Hautkontakt wie folgt durchzuf\u00fchren:<\/p>\n<p>\u2022 Taille (ca. 2 cm unterhalb des Nabels)<br \/>\n\u2022 um den Oberschenkel (ca. 10 cm von der Leiste entfernt)<\/p>\n","protected":false},"featured_media":2111,"comment_status":"open","ping_status":"closed","template":"","meta":[],"product_brand":[],"product_cat":[325,285],"product_tag":[231,287],"class_list":{"0":"post-2612","1":"product","2":"type-product","3":"status-publish","4":"has-post-thumbnail","6":"product_cat-inkontinente-kostume","7":"product_cat-produkte-fuer-inkontinenz","8":"product_tag-kinder","9":"product_tag-unisex-de","11":"first","12":"instock","13":"taxable","14":"shipping-taxable","15":"purchasable","16":"product-type-variable","17":"has-default-attributes"},"_links":{"self":[{"href":"https:\/\/higienicpants.com\/de\/wp-json\/wp\/v2\/product\/2612","targetHints":{"allow":["GET"]}}],"collection":[{"href":"https:\/\/higienicpants.com\/de\/wp-json\/wp\/v2\/product"}],"about":[{"href":"https:\/\/higienicpants.com\/de\/wp-json\/wp\/v2\/types\/product"}],"replies":[{"embeddable":true,"href":"https:\/\/higienicpants.com\/de\/wp-json\/wp\/v2\/comments?post=2612"}],"wp:featuredmedia":[{"embeddable":true,"href":"https:\/\/higienicpants.com\/de\/wp-json\/wp\/v2\/media\/2111"}],"wp:attachment":[{"href":"https:\/\/higienicpants.com\/de\/wp-json\/wp\/v2\/media?parent=2612"}],"wp:term":[{"taxonomy":"product_brand","embeddable":true,"href":"https:\/\/higienicpants.com\/de\/wp-json\/wp\/v2\/product_brand?post=2612"},{"taxonomy":"product_cat","embeddable":true,"href":"https:\/\/higienicpants.com\/de\/wp-json\/wp\/v2\/product_cat?post=2612"},{"taxonomy":"product_tag","embeddable":true,"href":"https:\/\/higienicpants.com\/de\/wp-json\/wp\/v2\/product_tag?post=2612"}],"curies":[{"name":"wp","href":"https:\/\/api.w.org\/{rel}","templated":true}]}}