{"id":2637,"date":"2021-05-20T14:19:24","date_gmt":"2021-05-20T12:19:24","guid":{"rendered":"https:\/\/higienicpants.com\/sicla-inkontinenzslips-aus-baumwolle\/"},"modified":"2024-05-15T17:09:49","modified_gmt":"2024-05-15T15:09:49","slug":"saugfaehiger-slip-aus-sicla-baumwolle-fuer-inkontinente","status":"publish","type":"product","link":"https:\/\/higienicpants.com\/de\/saugfaehiger-slip-aus-sicla-baumwolle-fuer-inkontinente\/","title":{"rendered":"Saugf\u00e4higer Slip aus SICLA-Baumwolle f\u00fcr Inkontinente"},"content":{"rendered":"\t<section class=\"section\" id=\"section_140292107\">\n\t\t<div class=\"bg section-bg fill bg-fill bg-loaded bg-loaded\" >\n\n\t\t\t\n\t\t\t<div class=\"section-bg-overlay absolute fill\"><\/div>\n\t\t\t\n\n\t\t<\/div>\n\n\t\t\n\n\t\t<div class=\"section-content relative\">\n\t\t\t\n<div class=\"row row-collapse row-full-width align-middle\"  id=\"row-284088952\">\n\n\t<div id=\"col-1650609977\" class=\"col medium-6 small-12 large-6\"  >\n\t\t\t\t<div class=\"col-inner\"  >\n\t\t\t\n\t\t\t\n<div class=\"video video-fit mb\" style=\"padding-top:56.25%;\"><p><iframe loading=\"lazy\" title=\"SICLA - Slip assorbente per incontinenti in cotone\" width=\"1020\" height=\"574\" src=\"https:\/\/www.youtube.com\/embed\/DoiLZRsOAvY?feature=oembed\" frameborder=\"0\" allow=\"accelerometer; autoplay; clipboard-write; encrypted-media; gyroscope; picture-in-picture; web-share\" referrerpolicy=\"strict-origin-when-cross-origin\" allowfullscreen><\/iframe><\/p>\n<\/div>\n\t\t<\/div>\n\t\t\t\t\t<\/div>\n\n\t\n\n\t<div id=\"col-885663331\" class=\"col medium-6 small-12 large-6\"  >\n\t\t\t\t<div class=\"col-inner text-center\"  >\n\t\t\t\n\t\t\t\n<h2>SICLA Briefs<\/h2>\n<p>Entdecken Sie den SICLA Slip f\u00fcr leichte Inkontinenz.<\/p>\n<p>Sehen Sie sich das Video an<\/p>\n\t\t<\/div>\n\t\t\t\t\n<style>\n#col-885663331 > .col-inner {\n  padding: 10% 10% 10% 10%;\n  max-width: 520px;\n}\n<\/style>\n\t<\/div>\n\n\t\n<\/div>\n\t<div id=\"gap-967850445\" class=\"gap-element clearfix\" style=\"display:block; height:auto;\">\n\t\t\n<style>\n#gap-967850445 {\n  padding-top: 50px;\n}\n<\/style>\n\t<\/div>\n\t\n\t\t<\/div>\n\n\t\t\n<style>\n#section_140292107 {\n  padding-top: 0px;\n  padding-bottom: 0px;\n  background-color: rgb(247, 247, 247);\n}\n#section_140292107 .section-bg-overlay {\n  background-color: rgba(255, 255, 255, 0.85);\n}\n<\/style>\n\t<\/section>\n\t\n<h2>Eigenschaften der SICLA-Saughose f\u00fcr Inkontinente<\/h2>\n<p>Die SICLA Saugunterhosen f\u00fcr Inkontinente f\u00fcr M\u00e4nner und Frauen sind mit einer speziellen saugf\u00e4higen, atmungsaktiven, hypoallergenen, sehr d\u00fcnnen Einlage ausgestattet, die die Funktion hat, Fl\u00fcssigkeitsaustritt in wenigen Sekunden aufzusaugen und so ein angenehmes Trockenheitsgef\u00fchl zu hinterlassen. Die saugf\u00e4hige Einlage hat zudem eine desodorierende Wirkung. Medizinischer Einwegartikel KLASSE 1.<\/p>\n<p>Erfordert keine Windeln. Zur besseren Konservierung wird Schonwaschgang empfohlen (max. 40\u00b0C)<\/p>\n\t<div id=\"gap-58958528\" class=\"gap-element clearfix\" style=\"display:block; height:auto;\">\n\t\t\n<style>\n#gap-58958528 {\n  padding-top: 40px;\n}\n<\/style>\n\t<\/div>\n\t\n<div class=\"row\"  id=\"row-2084562755\">\n\n\t<div id=\"col-244677626\" class=\"col small-12 large-12\"  >\n\t\t\t\t<div class=\"col-inner\"  >\n\t\t\t\n\t\t\t\n\t<section class=\"section\" id=\"section_1602235828\">\n\t\t<div class=\"bg section-bg fill bg-fill bg-loaded bg-loaded\" >\n\n\t\t\t\n\t\t\t<div class=\"section-bg-overlay absolute fill\"><\/div>\n\t\t\t\n\n\t\t<\/div>\n\n\t\t\n\n\t\t<div class=\"section-content relative\">\n\t\t\t\n<div class=\"row row-collapse align-center\"  id=\"row-1159741864\">\n\n\t<div id=\"col-384112143\" class=\"col medium-6 small-12 large-6\"  >\n\t\t\t\t<div class=\"col-inner text-center\"  >\n\t\t\t\n\t\t\t\n<h2>Leitfaden zur Auswahl von Schrifts\u00e4tzen<\/h2>\n<p>Entdecken Sie den passenden Slip f\u00fcr Ihre Inkontinenzart<\/p>\n\t\t<\/div>\n\t\t\t\t\n<style>\n#col-384112143 > .col-inner {\n  padding: 50px 0px 50px 0px;\n}\n<\/style>\n\t<\/div>\n\n\t\n\n\t<div id=\"col-899999079\" class=\"col large-12\"  >\n\t\t\t\t<div class=\"col-inner\"  >\n\t\t\t\n\t\t\t\n\t<div class=\"img has-hover x md-x lg-x y md-y lg-y\" id=\"image_480260511\">\n\t\t\t\t\t\t\t\t<div class=\"img-inner dark\" >\n\t\t\t<img loading=\"lazy\" decoding=\"async\" width=\"1020\" height=\"264\" src=\"https:\/\/higienicpants.com\/wp-content\/uploads\/2024\/05\/slip-Tedesco-1400x363.png\" class=\"attachment-large size-large\" alt=\"\" srcset=\"https:\/\/higienicpants.com\/wp-content\/uploads\/2024\/05\/slip-Tedesco-1400x363.png 1400w, https:\/\/higienicpants.com\/wp-content\/uploads\/2024\/05\/slip-Tedesco-800x207.png 800w, https:\/\/higienicpants.com\/wp-content\/uploads\/2024\/05\/slip-Tedesco-768x199.png 768w, https:\/\/higienicpants.com\/wp-content\/uploads\/2024\/05\/slip-Tedesco-1536x398.png 1536w, https:\/\/higienicpants.com\/wp-content\/uploads\/2024\/05\/slip-Tedesco-510x132.png 510w, https:\/\/higienicpants.com\/wp-content\/uploads\/2024\/05\/slip-Tedesco.png 2008w\" sizes=\"auto, (max-width: 1020px) 100vw, 1020px\" \/>\t\t\t\t\t\t\n\t\t\t\t\t<\/div>\n\t\t\t\t\t\t\t\t\n<style>\n#image_480260511 {\n  width: 100%;\n}\n<\/style>\n\t<\/div>\n\t\n\t\t<\/div>\n\t\t\t\t\t<\/div>\n\n\t\n<\/div>\n\t\t<\/div>\n\n\t\t\n<style>\n#section_1602235828 {\n  padding-top: 0px;\n  padding-bottom: 0px;\n  background-color: rgb(208, 208, 208);\n}\n#section_1602235828 .section-bg-overlay {\n  background-color: rgba(255, 255, 255, 0.85);\n}\n<\/style>\n\t<\/section>\n\t\n\t\t<\/div>\n\t\t\t\t\t<\/div>\n\n\t\n<\/div>\n","protected":false},"excerpt":{"rendered":"<p>Der SICLA-Saugslip f\u00fcr Inkontinenz f\u00fcr M\u00e4nner und Frauen ist ein Baumwollh\u00f6schen f\u00fcr leichte Inkontinenz (einige Tropfen \u00fcber den Tag verteilt).<\/p>\n<p>Es l\u00e4sst sich wie normale Unterw\u00e4sche tragen, schmiegt sich am K\u00f6rper an, ohne unerw\u00fcnschte und peinliche W\u00f6lbungen zu zeigen, erm\u00f6glicht maximale Bewegungsfreiheit und ist daher f\u00fcr ein aktives Leben geeignet:<\/p>\n<ul>\n<li>auf Arbeit<\/li>\n<li>beim Sport<\/li>\n<li>Reisen<\/li>\n<\/ul>\n","protected":false},"featured_media":2135,"comment_status":"open","ping_status":"closed","template":"","meta":[],"product_brand":[],"product_cat":[286,285],"product_tag":[211,384],"class_list":{"0":"post-2637","1":"product","2":"type-product","3":"status-publish","4":"has-post-thumbnail","6":"product_cat-hosen-fuer-inkontinente","7":"product_cat-produkte-fuer-inkontinenz","8":"product_tag-frau","9":"product_tag-mann","11":"first","12":"instock","13":"taxable","14":"shipping-taxable","15":"purchasable","16":"product-type-variable","17":"has-default-attributes"},"_links":{"self":[{"href":"https:\/\/higienicpants.com\/de\/wp-json\/wp\/v2\/product\/2637","targetHints":{"allow":["GET"]}}],"collection":[{"href":"https:\/\/higienicpants.com\/de\/wp-json\/wp\/v2\/product"}],"about":[{"href":"https:\/\/higienicpants.com\/de\/wp-json\/wp\/v2\/types\/product"}],"replies":[{"embeddable":true,"href":"https:\/\/higienicpants.com\/de\/wp-json\/wp\/v2\/comments?post=2637"}],"wp:featuredmedia":[{"embeddable":true,"href":"https:\/\/higienicpants.com\/de\/wp-json\/wp\/v2\/media\/2135"}],"wp:attachment":[{"href":"https:\/\/higienicpants.com\/de\/wp-json\/wp\/v2\/media?parent=2637"}],"wp:term":[{"taxonomy":"product_brand","embeddable":true,"href":"https:\/\/higienicpants.com\/de\/wp-json\/wp\/v2\/product_brand?post=2637"},{"taxonomy":"product_cat","embeddable":true,"href":"https:\/\/higienicpants.com\/de\/wp-json\/wp\/v2\/product_cat?post=2637"},{"taxonomy":"product_tag","embeddable":true,"href":"https:\/\/higienicpants.com\/de\/wp-json\/wp\/v2\/product_tag?post=2637"}],"curies":[{"name":"wp","href":"https:\/\/api.w.org\/{rel}","templated":true}]}}